{"id":24383,"date":"2025-08-04T05:56:10","date_gmt":"2025-08-04T05:56:10","guid":{"rendered":"https:\/\/sanmorrisbags.com\/?post_type=product&#038;p=24383"},"modified":"2025-08-04T05:57:21","modified_gmt":"2025-08-04T05:57:21","slug":"kadin-cok-gozlu-suya-dayanikli-el-omuz-cantasi-mavi","status":"publish","type":"product","link":"https:\/\/sanmorrisbags.com\/tr\/product\/kadin-cok-gozlu-suya-dayanikli-el-omuz-cantasi-mavi\/","title":{"rendered":"Code: 4000"},"content":{"rendered":"<ul class=\"content-descriptions-description-content\" data-testid=\"content-descriptions-wrapper\">\n<li class=\"content-description-item-description\" data-testid=\"content-description-item-wrapper\">\n<h2 data-start=\"221\" data-end=\"284\"><strong data-start=\"224\" data-end=\"284\">Kad\u0131n \u00c7ok G\u00f6zl\u00fc Suya Dayan\u0131kl\u0131 El ve Omuz \u00c7antas\u0131 \u2013 Mavi<\/strong><\/h2>\n<p data-start=\"286\" data-end=\"593\">G\u00fcnl\u00fck ya\u015famda hem \u015f\u0131kl\u0131\u011f\u0131n\u0131z\u0131 korumak hem de e\u015fyalar\u0131n\u0131z\u0131 d\u00fczenli ve g\u00fcvenli \u015fekilde ta\u015f\u0131mak istiyorsan\u0131z, <strong data-start=\"394\" data-end=\"454\">Kad\u0131n \u00c7ok G\u00f6zl\u00fc Suya Dayan\u0131kl\u0131 El ve Omuz \u00c7antas\u0131 \u2013 Mavi<\/strong> tam size g\u00f6re. Fonksiyonel tasar\u0131m\u0131, y\u00fcksek kaliteli malzemesi ve modern g\u00f6r\u00fcn\u00fcm\u00fc ile bu \u00e7anta, g\u00fcn\u00fcn her an\u0131nda yan\u0131n\u0131zda olmaya haz\u0131r.<\/p>\n<h3 data-start=\"595\" data-end=\"635\"><strong data-start=\"599\" data-end=\"635\">Fonksiyonel ve \u00c7ok G\u00f6zl\u00fc Tasar\u0131m<\/strong><\/h3>\n<p data-start=\"636\" data-end=\"1016\">Bu \u00e7anta, <strong data-start=\"646\" data-end=\"661\">\u00e7ok b\u00f6lmeli<\/strong> yap\u0131s\u0131 sayesinde t\u00fcm e\u015fyalar\u0131n\u0131z\u0131 d\u00fczenli \u015fekilde ta\u015f\u0131man\u0131za yard\u0131mc\u0131 olur. Birbirinden ba\u011f\u0131ms\u0131z fermuarl\u0131 cepler, makyaj malzemelerinizden c\u00fczdan\u0131n\u0131za, telefonunuzdan anahtar\u0131n\u0131za kadar t\u00fcm k\u00fc\u00e7\u00fck e\u015fyalar\u0131n\u0131z i\u00e7in g\u00fcvenli alan sunar. Ayr\u0131ca \u00e7antan\u0131n sa\u011f ve sol k\u0131sm\u0131nda, termos ya da su \u015fi\u015feniz i\u00e7in \u00f6zel olarak tasarlanm\u0131\u015f <strong data-start=\"986\" data-end=\"1005\">suluk b\u00f6lmeleri<\/strong> bulunur.<\/p>\n<h3 data-start=\"1018\" data-end=\"1065\"><strong data-start=\"1022\" data-end=\"1065\">Y\u00fcksek Kaliteli Malzeme ve Dayan\u0131kl\u0131l\u0131k<\/strong><\/h3>\n<p data-start=\"1066\" data-end=\"1389\">\u00dcretiminde <strong data-start=\"1077\" data-end=\"1127\">y\u00fcksek kalite kuma\u015f, astar ve metal fermuarlar<\/strong> kullan\u0131lm\u0131\u015ft\u0131r. Bu sayede \u00e7anta, uzun \u00f6m\u00fcrl\u00fc ve sa\u011flam bir kullan\u0131m sunar. <strong data-start=\"1203\" data-end=\"1228\">Suya dayan\u0131kl\u0131 kuma\u015f\u0131<\/strong>, ya\u011fmurlu havalarda bile e\u015fyalar\u0131n\u0131z\u0131n g\u00fcvende kalmas\u0131n\u0131 sa\u011flar. Hafif yap\u0131s\u0131 sayesinde uzun s\u00fcre ta\u015f\u0131san\u0131z bile omzunuzu yormaz, yaz aylar\u0131nda ise terletmez.<\/p>\n<h3 data-start=\"1391\" data-end=\"1427\"><strong data-start=\"1395\" data-end=\"1427\">Kullan\u0131m Kolayl\u0131\u011f\u0131 ve Konfor<\/strong><\/h3>\n<p data-start=\"1428\" data-end=\"1743\">\u00c7antada \u00fc\u00e7 farkl\u0131 ask\u0131 se\u00e7ene\u011fi vard\u0131r: omuz ask\u0131s\u0131, yan ask\u0131 ve el ask\u0131s\u0131. Bu sayede \u00e7antay\u0131 ihtiyac\u0131n\u0131za g\u00f6re farkl\u0131 \u015fekillerde ta\u015f\u0131yabilirsiniz. 27 cm boy, 32 cm en ve 17.5 cm taban geni\u015fli\u011fi ile hem kompakt hem de geni\u015f bir i\u00e7 hacme sahiptir. G\u00fcnl\u00fck kullan\u0131m, i\u015f, okul veya seyahatler i\u00e7in ideal \u00f6l\u00e7\u00fclerdedir.<\/p>\n<h3 data-start=\"1745\" data-end=\"1767\"><strong data-start=\"1749\" data-end=\"1767\">\u015e\u0131kl\u0131k ve Tarz<\/strong><\/h3>\n<p data-start=\"1768\" data-end=\"2061\">Fonksiyonel \u00f6zelliklerine ek olarak \u00e7anta, modern ve <strong data-start=\"1821\" data-end=\"1842\">zamans\u0131z tasar\u0131m\u0131<\/strong> ile kombinlerinizi tamamlar. Mavi rengi sayesinde hem klasik hem de sportif stillerle uyum sa\u011flar. G\u00fcnl\u00fck \u015fehir hayat\u0131nda, i\u015f toplant\u0131lar\u0131nda veya hafta sonu gezilerinde \u015f\u0131kl\u0131\u011f\u0131n\u0131zdan \u00f6d\u00fcn vermeden kullanabilirsiniz.<\/p>\n<h3 data-start=\"2063\" data-end=\"2086\"><strong data-start=\"2067\" data-end=\"2086\">Pratik Temizlik<\/strong><\/h3>\n<p data-start=\"2087\" data-end=\"2223\">\u00c7antan\u0131n temizli\u011fi olduk\u00e7a kolayd\u0131r. Kir veya leke olu\u015ftu\u011funda nemli bir bez yard\u0131m\u0131yla silerek ilk g\u00fcnk\u00fc g\u00f6r\u00fcn\u00fcm\u00fcn\u00fc koruyabilirsiniz.<\/p>\n<\/li>\n<li data-testid=\"content-description-item-wrapper\">\n<h3 data-start=\"2225\" data-end=\"2250\"><strong data-start=\"2229\" data-end=\"2250\">Kullan\u0131m Alanlar\u0131<\/strong><\/h3>\n<ul data-start=\"2251\" data-end=\"2538\">\n<li data-start=\"2251\" data-end=\"2358\">\n<p data-start=\"2253\" data-end=\"2358\"><strong data-start=\"2253\" data-end=\"2269\">G\u00fcnl\u00fck ya\u015fam<\/strong>: C\u00fczdan, telefon, makyaj malzemeleri, anahtar gibi temel e\u015fyalar\u0131n\u0131z\u0131 d\u00fczenli ta\u015f\u0131y\u0131n.<\/p>\n<\/li>\n<li data-start=\"2359\" data-end=\"2438\">\n<p data-start=\"2361\" data-end=\"2438\"><strong data-start=\"2361\" data-end=\"2372\">Seyahat<\/strong>: Termos, su \u015fi\u015fesi ve at\u0131\u015ft\u0131rmal\u0131klar\u0131n\u0131z i\u00e7in ekstra b\u00f6lmeler.<\/p>\n<\/li>\n<li data-start=\"2439\" data-end=\"2538\">\n<p data-start=\"2441\" data-end=\"2538\"><strong data-start=\"2441\" data-end=\"2455\">\u0130\u015f ve okul<\/strong>: Defter, k\u00fc\u00e7\u00fck tablet, kitap ve kalem gibi ihtiya\u00e7lar\u0131n\u0131z\u0131 yan\u0131n\u0131zda bulundurun.<\/p>\n<\/li>\n<\/ul>\n<\/li>\n<\/ul>\n","protected":false},"excerpt":{"rendered":"<ul class=\"content-descriptions-description-content\" data-testid=\"content-descriptions-wrapper\">\n<li class=\"content-description-item-description\" data-testid=\"content-description-item-wrapper\">\n<p class=\"product-title\" data-testid=\"product-title\" data-drroot=\"h1\">Kad\u0131n \u00c7ok G\u00f6zl\u00fc Kullan\u0131\u015fl\u0131 Suya Dayan\u0131kl\u0131 El Ve Omuz \u00c7antas\u0131<\/p>\n<\/li>\n<li class=\"content-description-item-description\" data-testid=\"content-description-item-wrapper\">\u00d6l\u00e7\u00fcleri:Boy:27 cm<\/li>\n<li class=\"content-description-item-description\" data-testid=\"content-description-item-wrapper\">En: 32 cm<\/li>\n<li class=\"content-description-item-description\" data-testid=\"content-description-item-wrapper\">Taban Geni\u015fli\u011fi: 17.5 cm<\/li>\n<\/ul>\n","protected":false},"featured_media":24413,"comment_status":"closed","ping_status":"closed","template":"","meta":[],"product_brand":[],"product_cat":[37,38],"product_tag":[],"class_list":{"0":"post-24383","1":"product","2":"type-product","3":"status-publish","4":"has-post-thumbnail","6":"product_cat-crossbody-bags","7":"product_cat-shoulder-bags","8":"pa_color-black","9":"pa_color-blue","10":"pa_color-khaki","11":"pa_color-l-gray","12":"pa_color-purple","14":"first","15":"instock","16":"shipping-taxable","17":"purchasable","18":"product-type-variable","19":"wvs-archive-product-wrapper"},"yoast_head":"<!-- This site is optimized with the Yoast SEO Premium plugin v25.4 (Yoast SEO v27.4) - https:\/\/yoast.com\/product\/yoast-seo-premium-wordpress\/ -->\n<title>Kad\u0131n \u00c7ok G\u00f6zl\u00fc Suya Dayan\u0131kl\u0131 El ve Omuz \u00c7antas\u0131 | Sanmorris<\/title>\n<meta name=\"description\" content=\"Mavi, suya dayan\u0131kl\u0131 ve \u00e7ok g\u00f6zl\u00fc kad\u0131n \u00e7anta. El ve omuz ask\u0131l\u0131, hafif, dayan\u0131kl\u0131 kuma\u015fl\u0131, termos ve suluk b\u00f6lmeli \u015f\u0131k tasar\u0131m.\" \/>\n<meta name=\"robots\" content=\"index, follow, max-snippet:-1, max-image-preview:large, max-video-preview:-1\" \/>\n<link rel=\"canonical\" href=\"https:\/\/sanmorrisbags.com\/tr\/product\/kadin-cok-gozlu-suya-dayanikli-el-omuz-cantasi-mavi\/\" \/>\n<meta property=\"og:locale\" content=\"tr_TR\" \/>\n<meta property=\"og:type\" content=\"article\" \/>\n<meta property=\"og:title\" content=\"Code: 4000\" \/>\n<meta property=\"og:description\" content=\"Mavi, suya dayan\u0131kl\u0131 ve \u00e7ok g\u00f6zl\u00fc kad\u0131n \u00e7anta. El ve omuz ask\u0131l\u0131, hafif, dayan\u0131kl\u0131 kuma\u015fl\u0131, termos ve suluk b\u00f6lmeli \u015f\u0131k tasar\u0131m.\" \/>\n<meta property=\"og:url\" content=\"https:\/\/sanmorrisbags.com\/tr\/product\/kadin-cok-gozlu-suya-dayanikli-el-omuz-cantasi-mavi\/\" \/>\n<meta property=\"og:site_name\" content=\"Sanmorris Bags\" \/>\n<meta property=\"article:publisher\" content=\"https:\/\/www.facebook.com\/sanmorrisbags\" \/>\n<meta property=\"article:modified_time\" content=\"2025-08-04T05:57:21+00:00\" \/>\n<meta property=\"og:image\" content=\"https:\/\/sanmorrisbags.com\/wp-content\/uploads\/2025\/08\/8.jpg\" \/>\n\t<meta property=\"og:image:width\" content=\"1200\" \/>\n\t<meta property=\"og:image:height\" content=\"1800\" \/>\n\t<meta property=\"og:image:type\" content=\"image\/jpeg\" \/>\n<meta name=\"twitter:card\" content=\"summary_large_image\" \/>\n<meta name=\"twitter:site\" content=\"@sanmorrisbag\" \/>\n<meta name=\"twitter:label1\" content=\"Durumu\" \/>\n\t<meta name=\"twitter:data1\" content=\"Stokta var\" \/>\n<script type=\"application\/ld+json\" class=\"yoast-schema-graph\">{\"@context\":\"https:\\\/\\\/schema.org\",\"@graph\":[{\"@type\":\"WebPage\",\"@id\":\"https:\\\/\\\/sanmorrisbags.com\\\/tr\\\/product\\\/kadin-cok-gozlu-suya-dayanikli-el-omuz-cantasi-mavi\\\/\",\"url\":\"https:\\\/\\\/sanmorrisbags.com\\\/tr\\\/product\\\/kadin-cok-gozlu-suya-dayanikli-el-omuz-cantasi-mavi\\\/\",\"name\":\"Kad\u0131n \u00c7ok G\u00f6zl\u00fc Suya Dayan\u0131kl\u0131 El ve Omuz \u00c7antas\u0131 | Sanmorris\",\"isPartOf\":{\"@id\":\"https:\\\/\\\/sanmorrisbags.com\\\/tr\\\/#website\"},\"primaryImageOfPage\":{\"@id\":\"https:\\\/\\\/sanmorrisbags.com\\\/tr\\\/product\\\/kadin-cok-gozlu-suya-dayanikli-el-omuz-cantasi-mavi\\\/#primaryimage\"},\"image\":{\"@id\":\"https:\\\/\\\/sanmorrisbags.com\\\/tr\\\/product\\\/kadin-cok-gozlu-suya-dayanikli-el-omuz-cantasi-mavi\\\/#primaryimage\"},\"thumbnailUrl\":\"https:\\\/\\\/sanmorrisbags.com\\\/wp-content\\\/uploads\\\/2025\\\/08\\\/8.jpg\",\"datePublished\":\"2025-08-04T05:56:10+00:00\",\"dateModified\":\"2025-08-04T05:57:21+00:00\",\"description\":\"Mavi, suya dayan\u0131kl\u0131 ve \u00e7ok g\u00f6zl\u00fc kad\u0131n \u00e7anta. El ve omuz ask\u0131l\u0131, hafif, dayan\u0131kl\u0131 kuma\u015fl\u0131, termos ve suluk b\u00f6lmeli \u015f\u0131k tasar\u0131m.\",\"breadcrumb\":{\"@id\":\"https:\\\/\\\/sanmorrisbags.com\\\/tr\\\/product\\\/kadin-cok-gozlu-suya-dayanikli-el-omuz-cantasi-mavi\\\/#breadcrumb\"},\"inLanguage\":\"tr\",\"potentialAction\":[{\"@type\":\"ReadAction\",\"target\":[\"https:\\\/\\\/sanmorrisbags.com\\\/tr\\\/product\\\/kadin-cok-gozlu-suya-dayanikli-el-omuz-cantasi-mavi\\\/\"]}]},{\"@type\":\"ImageObject\",\"inLanguage\":\"tr\",\"@id\":\"https:\\\/\\\/sanmorrisbags.com\\\/tr\\\/product\\\/kadin-cok-gozlu-suya-dayanikli-el-omuz-cantasi-mavi\\\/#primaryimage\",\"url\":\"https:\\\/\\\/sanmorrisbags.com\\\/wp-content\\\/uploads\\\/2025\\\/08\\\/8.jpg\",\"contentUrl\":\"https:\\\/\\\/sanmorrisbags.com\\\/wp-content\\\/uploads\\\/2025\\\/08\\\/8.jpg\",\"width\":1200,\"height\":1800,\"caption\":\"Mavi kad\u0131n \u00e7ok g\u00f6zl\u00fc suya dayan\u0131kl\u0131 el ve omuz \u00e7antas\u0131\"},{\"@type\":\"BreadcrumbList\",\"@id\":\"https:\\\/\\\/sanmorrisbags.com\\\/tr\\\/product\\\/kadin-cok-gozlu-suya-dayanikli-el-omuz-cantasi-mavi\\\/#breadcrumb\",\"itemListElement\":[{\"@type\":\"ListItem\",\"position\":1,\"name\":\"Home\",\"item\":\"https:\\\/\\\/sanmorrisbags.com\\\/tr\\\/home\\\/\"},{\"@type\":\"ListItem\",\"position\":2,\"name\":\"Shop\",\"item\":\"https:\\\/\\\/sanmorrisbags.com\\\/shop\\\/\"},{\"@type\":\"ListItem\",\"position\":3,\"name\":\"Code: 4000\"}]},{\"@type\":\"WebSite\",\"@id\":\"https:\\\/\\\/sanmorrisbags.com\\\/tr\\\/#website\",\"url\":\"https:\\\/\\\/sanmorrisbags.com\\\/tr\\\/\",\"name\":\"Sanmorris Bags\",\"description\":\"\",\"publisher\":{\"@id\":\"https:\\\/\\\/sanmorrisbags.com\\\/tr\\\/#organization\"},\"potentialAction\":[{\"@type\":\"SearchAction\",\"target\":{\"@type\":\"EntryPoint\",\"urlTemplate\":\"https:\\\/\\\/sanmorrisbags.com\\\/tr\\\/?s={search_term_string}\"},\"query-input\":{\"@type\":\"PropertyValueSpecification\",\"valueRequired\":true,\"valueName\":\"search_term_string\"}}],\"inLanguage\":\"tr\"},{\"@type\":\"Organization\",\"@id\":\"https:\\\/\\\/sanmorrisbags.com\\\/tr\\\/#organization\",\"name\":\"Sanmorris Bags\",\"url\":\"https:\\\/\\\/sanmorrisbags.com\\\/tr\\\/\",\"logo\":{\"@type\":\"ImageObject\",\"inLanguage\":\"tr\",\"@id\":\"https:\\\/\\\/sanmorrisbags.com\\\/tr\\\/#\\\/schema\\\/logo\\\/image\\\/\",\"url\":\"https:\\\/\\\/sanmorrisbags.com\\\/wp-content\\\/uploads\\\/2023\\\/02\\\/Logo-new.png\",\"contentUrl\":\"https:\\\/\\\/sanmorrisbags.com\\\/wp-content\\\/uploads\\\/2023\\\/02\\\/Logo-new.png\",\"width\":1000,\"height\":1000,\"caption\":\"Sanmorris Bags\"},\"image\":{\"@id\":\"https:\\\/\\\/sanmorrisbags.com\\\/tr\\\/#\\\/schema\\\/logo\\\/image\\\/\"},\"sameAs\":[\"https:\\\/\\\/www.facebook.com\\\/sanmorrisbags\",\"https:\\\/\\\/x.com\\\/sanmorrisbag\",\"https:\\\/\\\/www.instagram.com\\\/sanmorrisbag\\\/\"]}]}<\/script>\n<meta property=\"og:availability\" content=\"instock\" \/>\n<meta property=\"product:availability\" content=\"instock\" \/>\n<meta property=\"product:condition\" content=\"new\" \/>\n<!-- \/ Yoast SEO Premium plugin. -->","yoast_head_json":{"title":"Kad\u0131n \u00c7ok G\u00f6zl\u00fc Suya Dayan\u0131kl\u0131 El ve Omuz \u00c7antas\u0131 | Sanmorris","description":"Mavi, suya dayan\u0131kl\u0131 ve \u00e7ok g\u00f6zl\u00fc kad\u0131n \u00e7anta. El ve omuz ask\u0131l\u0131, hafif, dayan\u0131kl\u0131 kuma\u015fl\u0131, termos ve suluk b\u00f6lmeli \u015f\u0131k tasar\u0131m.","robots":{"index":"index","follow":"follow","max-snippet":"max-snippet:-1","max-image-preview":"max-image-preview:large","max-video-preview":"max-video-preview:-1"},"canonical":"https:\/\/sanmorrisbags.com\/tr\/product\/kadin-cok-gozlu-suya-dayanikli-el-omuz-cantasi-mavi\/","og_locale":"tr_TR","og_type":"article","og_title":"Code: 4000","og_description":"Mavi, suya dayan\u0131kl\u0131 ve \u00e7ok g\u00f6zl\u00fc kad\u0131n \u00e7anta. El ve omuz ask\u0131l\u0131, hafif, dayan\u0131kl\u0131 kuma\u015fl\u0131, termos ve suluk b\u00f6lmeli \u015f\u0131k tasar\u0131m.","og_url":"https:\/\/sanmorrisbags.com\/tr\/product\/kadin-cok-gozlu-suya-dayanikli-el-omuz-cantasi-mavi\/","og_site_name":"Sanmorris Bags","article_publisher":"https:\/\/www.facebook.com\/sanmorrisbags","article_modified_time":"2025-08-04T05:57:21+00:00","og_image":[{"width":1200,"height":1800,"url":"https:\/\/sanmorrisbags.com\/wp-content\/uploads\/2025\/08\/8.jpg","type":"image\/jpeg"}],"twitter_card":"summary_large_image","twitter_site":"@sanmorrisbag","twitter_misc":{"Durumu":"Stokta var"},"schema":{"@context":"https:\/\/schema.org","@graph":[{"@type":"WebPage","@id":"https:\/\/sanmorrisbags.com\/tr\/product\/kadin-cok-gozlu-suya-dayanikli-el-omuz-cantasi-mavi\/","url":"https:\/\/sanmorrisbags.com\/tr\/product\/kadin-cok-gozlu-suya-dayanikli-el-omuz-cantasi-mavi\/","name":"Kad\u0131n \u00c7ok G\u00f6zl\u00fc Suya Dayan\u0131kl\u0131 El ve Omuz \u00c7antas\u0131 | Sanmorris","isPartOf":{"@id":"https:\/\/sanmorrisbags.com\/tr\/#website"},"primaryImageOfPage":{"@id":"https:\/\/sanmorrisbags.com\/tr\/product\/kadin-cok-gozlu-suya-dayanikli-el-omuz-cantasi-mavi\/#primaryimage"},"image":{"@id":"https:\/\/sanmorrisbags.com\/tr\/product\/kadin-cok-gozlu-suya-dayanikli-el-omuz-cantasi-mavi\/#primaryimage"},"thumbnailUrl":"https:\/\/sanmorrisbags.com\/wp-content\/uploads\/2025\/08\/8.jpg","datePublished":"2025-08-04T05:56:10+00:00","dateModified":"2025-08-04T05:57:21+00:00","description":"Mavi, suya dayan\u0131kl\u0131 ve \u00e7ok g\u00f6zl\u00fc kad\u0131n \u00e7anta. El ve omuz ask\u0131l\u0131, hafif, dayan\u0131kl\u0131 kuma\u015fl\u0131, termos ve suluk b\u00f6lmeli \u015f\u0131k tasar\u0131m.","breadcrumb":{"@id":"https:\/\/sanmorrisbags.com\/tr\/product\/kadin-cok-gozlu-suya-dayanikli-el-omuz-cantasi-mavi\/#breadcrumb"},"inLanguage":"tr","potentialAction":[{"@type":"ReadAction","target":["https:\/\/sanmorrisbags.com\/tr\/product\/kadin-cok-gozlu-suya-dayanikli-el-omuz-cantasi-mavi\/"]}]},{"@type":"ImageObject","inLanguage":"tr","@id":"https:\/\/sanmorrisbags.com\/tr\/product\/kadin-cok-gozlu-suya-dayanikli-el-omuz-cantasi-mavi\/#primaryimage","url":"https:\/\/sanmorrisbags.com\/wp-content\/uploads\/2025\/08\/8.jpg","contentUrl":"https:\/\/sanmorrisbags.com\/wp-content\/uploads\/2025\/08\/8.jpg","width":1200,"height":1800,"caption":"Mavi kad\u0131n \u00e7ok g\u00f6zl\u00fc suya dayan\u0131kl\u0131 el ve omuz \u00e7antas\u0131"},{"@type":"BreadcrumbList","@id":"https:\/\/sanmorrisbags.com\/tr\/product\/kadin-cok-gozlu-suya-dayanikli-el-omuz-cantasi-mavi\/#breadcrumb","itemListElement":[{"@type":"ListItem","position":1,"name":"Home","item":"https:\/\/sanmorrisbags.com\/tr\/home\/"},{"@type":"ListItem","position":2,"name":"Shop","item":"https:\/\/sanmorrisbags.com\/shop\/"},{"@type":"ListItem","position":3,"name":"Code: 4000"}]},{"@type":"WebSite","@id":"https:\/\/sanmorrisbags.com\/tr\/#website","url":"https:\/\/sanmorrisbags.com\/tr\/","name":"Sanmorris Bags","description":"","publisher":{"@id":"https:\/\/sanmorrisbags.com\/tr\/#organization"},"potentialAction":[{"@type":"SearchAction","target":{"@type":"EntryPoint","urlTemplate":"https:\/\/sanmorrisbags.com\/tr\/?s={search_term_string}"},"query-input":{"@type":"PropertyValueSpecification","valueRequired":true,"valueName":"search_term_string"}}],"inLanguage":"tr"},{"@type":"Organization","@id":"https:\/\/sanmorrisbags.com\/tr\/#organization","name":"Sanmorris Bags","url":"https:\/\/sanmorrisbags.com\/tr\/","logo":{"@type":"ImageObject","inLanguage":"tr","@id":"https:\/\/sanmorrisbags.com\/tr\/#\/schema\/logo\/image\/","url":"https:\/\/sanmorrisbags.com\/wp-content\/uploads\/2023\/02\/Logo-new.png","contentUrl":"https:\/\/sanmorrisbags.com\/wp-content\/uploads\/2023\/02\/Logo-new.png","width":1000,"height":1000,"caption":"Sanmorris Bags"},"image":{"@id":"https:\/\/sanmorrisbags.com\/tr\/#\/schema\/logo\/image\/"},"sameAs":["https:\/\/www.facebook.com\/sanmorrisbags","https:\/\/x.com\/sanmorrisbag","https:\/\/www.instagram.com\/sanmorrisbag\/"]}]},"og_availability":"instock","product_availability":"instock","product_condition":"new"},"_links":{"self":[{"href":"https:\/\/sanmorrisbags.com\/tr\/wp-json\/wp\/v2\/product\/24383","targetHints":{"allow":["GET"]}}],"collection":[{"href":"https:\/\/sanmorrisbags.com\/tr\/wp-json\/wp\/v2\/product"}],"about":[{"href":"https:\/\/sanmorrisbags.com\/tr\/wp-json\/wp\/v2\/types\/product"}],"replies":[{"embeddable":true,"href":"https:\/\/sanmorrisbags.com\/tr\/wp-json\/wp\/v2\/comments?post=24383"}],"wp:featuredmedia":[{"embeddable":true,"href":"https:\/\/sanmorrisbags.com\/tr\/wp-json\/wp\/v2\/media\/24413"}],"wp:attachment":[{"href":"https:\/\/sanmorrisbags.com\/tr\/wp-json\/wp\/v2\/media?parent=24383"}],"wp:term":[{"taxonomy":"product_brand","embeddable":true,"href":"https:\/\/sanmorrisbags.com\/tr\/wp-json\/wp\/v2\/product_brand?post=24383"},{"taxonomy":"product_cat","embeddable":true,"href":"https:\/\/sanmorrisbags.com\/tr\/wp-json\/wp\/v2\/product_cat?post=24383"},{"taxonomy":"product_tag","embeddable":true,"href":"https:\/\/sanmorrisbags.com\/tr\/wp-json\/wp\/v2\/product_tag?post=24383"}],"curies":[{"name":"wp","href":"https:\/\/api.w.org\/{rel}","templated":true}]}}