{"id":24419,"date":"2025-08-04T06:41:08","date_gmt":"2025-08-04T06:41:08","guid":{"rendered":"https:\/\/sanmorrisbags.com\/?post_type=product&#038;p=24419"},"modified":"2025-08-04T06:41:09","modified_gmt":"2025-08-04T06:41:09","slug":"kadin-cok-gozlu-suya-dayanikli-saten-el-omuz-cantasi","status":"publish","type":"product","link":"https:\/\/sanmorrisbags.com\/tr\/product\/kadin-cok-gozlu-suya-dayanikli-saten-el-omuz-cantasi\/","title":{"rendered":"Code: 4003"},"content":{"rendered":"<h2 data-start=\"122\" data-end=\"216\"><strong data-start=\"125\" data-end=\"216\">kad\u0131n \u00e7ok g\u00f6zl\u00fc suya dayan\u0131kl\u0131 \u00e7anta \u2013 Sanmorris<\/strong><\/h2>\n<p data-start=\"218\" data-end=\"561\">G\u00fcnl\u00fck hayatta hem \u015f\u0131k g\u00f6r\u00fcnmek hem de e\u015fyalar\u0131n\u0131z\u0131 d\u00fczenli ta\u015f\u0131mak istiyorsan\u0131z, <strong data-start=\"300\" data-end=\"391\">Kad\u0131n \u00c7ok G\u00f6zl\u00fc Suya Dayan\u0131kl\u0131 Saten Kuma\u015f \u00c7apraz Ask\u0131l\u0131 El ve Omuz \u00c7antas\u0131 \u2013 Sanmorris<\/strong> sizin i\u00e7in m\u00fckemmel bir se\u00e7im. Fonksiyonel b\u00f6lmeleri, kaliteli malzemesi ve zamans\u0131z tasar\u0131m\u0131 ile bu \u00e7anta, hem g\u00fcnl\u00fck kullan\u0131mda hem de seyahatlerde yan\u0131n\u0131zda olacak.<\/p>\n<h3 data-start=\"563\" data-end=\"603\"><strong data-start=\"567\" data-end=\"603\">Fonksiyonel ve \u00c7ok G\u00f6zl\u00fc Tasar\u0131m<\/strong><\/h3>\n<p data-start=\"604\" data-end=\"1000\">Bu \u00e7anta, <strong data-start=\"614\" data-end=\"644\">4 fermuarl\u0131 ba\u011f\u0131ms\u0131z b\u00f6lme<\/strong> ve <strong data-start=\"648\" data-end=\"676\">1 m\u0131knat\u0131s kapakl\u0131 b\u00f6lme<\/strong> ile e\u015fyalar\u0131n\u0131z\u0131 d\u00fczenli \u015fekilde saklaman\u0131za yard\u0131mc\u0131 olur. G\u00fcnl\u00fck ihtiya\u00e7lar\u0131n\u0131z olan makyaj malzemeleri, telefon, c\u00fczdan, kitap, defter, kalem, g\u00f6zl\u00fck ve anahtar gibi e\u015fyalar i\u00e7in ideal depolama alan\u0131 sunar. Sa\u011f ve sol taraf\u0131ndaki \u00f6zel <strong data-start=\"915\" data-end=\"934\">suluk b\u00f6lmeleri<\/strong>, termos veya su \u015fi\u015fenizi g\u00fcvenli bir \u015fekilde ta\u015f\u0131man\u0131z\u0131 sa\u011flar.<\/p>\n<h3 data-start=\"1002\" data-end=\"1033\"><strong data-start=\"1006\" data-end=\"1033\">Y\u00fcksek Kaliteli Malzeme<\/strong><\/h3>\n<p data-start=\"1034\" data-end=\"1364\">\u00dcretiminde <strong data-start=\"1045\" data-end=\"1074\">y\u00fcksek kalite saten kuma\u015f<\/strong>, dayan\u0131kl\u0131 astar ve sa\u011flam metal fermuarlar kullan\u0131lm\u0131\u015ft\u0131r. Bu sayede \u00e7anta uzun \u00f6m\u00fcrl\u00fc ve dayan\u0131kl\u0131d\u0131r. Saten kuma\u015f\u0131n yumu\u015fak dokusu, \u00e7antaya hem zarif bir g\u00f6r\u00fcn\u00fcm hem de hafiflik kazand\u0131r\u0131r. Ayr\u0131ca <strong data-start=\"1275\" data-end=\"1293\">suya dayan\u0131kl\u0131<\/strong> \u00f6zelli\u011fi sayesinde ya\u011fmurlu havalarda dahi e\u015fyalar\u0131n\u0131z g\u00fcvende olur.<\/p>\n<h3 data-start=\"1366\" data-end=\"1392\"><strong data-start=\"1370\" data-end=\"1392\">Kullan\u0131m Kolayl\u0131\u011f\u0131<\/strong><\/h3>\n<p data-start=\"1393\" data-end=\"1734\">\u00c7antan\u0131n <strong data-start=\"1402\" data-end=\"1433\">ayarlanabilir \u00e7apraz ask\u0131s\u0131<\/strong> (en uzun 140 cm) ve 25 cm y\u00fcksekli\u011finde el ask\u0131s\u0131 sayesinde farkl\u0131 ta\u015f\u0131ma se\u00e7enekleri sunar. \u0130ster elinizde, ister omzunuzda, ister \u00e7apraz olarak rahatl\u0131kla kullanabilirsiniz. 30 cm boy, 41 cm en ve 14 cm taban geni\u015fli\u011fi ile geni\u015f i\u00e7 hacim sunarken, g\u00fcnl\u00fck kullan\u0131m i\u00e7in de ideal \u00f6l\u00e7\u00fclere sahiptir.<\/p>\n<h3 data-start=\"1736\" data-end=\"1758\"><strong data-start=\"1740\" data-end=\"1758\">Hafif ve Rahat- kad\u0131n \u00e7ok g\u00f6zl\u00fc suya dayan\u0131kl\u0131 \u00e7anta<\/strong><\/h3>\n<p data-start=\"1759\" data-end=\"1921\">Suya dayan\u0131kl\u0131 olu\u015funun yan\u0131 s\u0131ra <strong data-start=\"1793\" data-end=\"1824\">hafif ve terletmeyen kuma\u015f\u0131<\/strong> sayesinde yaz aylar\u0131nda da rahat bir kullan\u0131m sunar. Uzun s\u00fcre ta\u015f\u0131san\u0131z bile omzunuzu yormaz.<\/p>\n<h3 data-start=\"1923\" data-end=\"1954\"><strong data-start=\"1927\" data-end=\"1954\">\u015e\u0131k ve Zamans\u0131z Tasar\u0131m<\/strong><\/h3>\n<p data-start=\"1955\" data-end=\"2222\">Fonksiyonel \u00f6zellikleriyle birlikte, \u00e7antan\u0131n modern ve k\u00fclt tasar\u0131m\u0131 \u015f\u0131kl\u0131\u011f\u0131n\u0131zdan \u00f6d\u00fcn vermemenizi sa\u011flar. Mavi tonlar\u0131ndaki saten kuma\u015f, hem spor hem klasik kombinlerinizle uyumlu g\u00f6r\u00fcn\u00fcr. \u0130\u015fte, okulda, g\u00fcnl\u00fck hayatta veya seyahatlerde rahatl\u0131kla kullan\u0131labilir.<\/p>\n<h3 data-start=\"2224\" data-end=\"2246\"><strong data-start=\"2228\" data-end=\"2246\">Kolay Temizlik<\/strong><\/h3>\n<p data-start=\"2247\" data-end=\"2371\">\u00c7antan\u0131z\u0131n temizli\u011fi olduk\u00e7a pratiktir. Kir veya lekelenme durumunda nemli bir bez yard\u0131m\u0131yla kolayca temizleyebilirsiniz.<\/p>\n","protected":false},"excerpt":{"rendered":"<p>kad\u0131n \u00e7ok g\u00f6zl\u00fc suya dayan\u0131kl\u0131 \u00e7anta \u2013 Sanmorris G\u00fcnl\u00fck hayatta hem \u015f\u0131k g\u00f6r\u00fcnmek hem de e\u015fyalar\u0131n\u0131z\u0131 d\u00fczenli ta\u015f\u0131mak istiyorsan\u0131z, Kad\u0131n \u00c7ok G\u00f6zl\u00fc Suya Dayan\u0131kl\u0131 Saten Kuma\u015f \u00c7apraz Ask\u0131l\u0131 El ve Omuz \u00c7antas\u0131 \u2013 Sanmorris sizin i\u00e7in m\u00fckemmel bir se\u00e7im. Fonksiyonel b\u00f6lmeleri, kaliteli malzemesi ve zamans\u0131z tasar\u0131m\u0131 ile bu \u00e7anta, hem g\u00fcnl\u00fck kullan\u0131mda hem de seyahatlerde [&hellip;]<\/p>\n","protected":false},"featured_media":24420,"comment_status":"closed","ping_status":"closed","template":"","meta":[],"product_brand":[],"product_cat":[37,38],"product_tag":[],"class_list":{"0":"post-24419","1":"product","2":"type-product","3":"status-publish","4":"has-post-thumbnail","6":"product_cat-crossbody-bags","7":"product_cat-shoulder-bags","8":"pa_color-black","9":"pa_color-blue","10":"pa_color-d-purple-2","11":"pa_color-khaki","12":"pa_color-purple","14":"first","15":"instock","16":"shipping-taxable","17":"purchasable","18":"product-type-variable","19":"wvs-archive-product-wrapper"},"yoast_head":"<!-- This site is optimized with the Yoast SEO Premium plugin v25.4 (Yoast SEO v27.5) - https:\/\/yoast.com\/product\/yoast-seo-premium-wordpress\/ -->\n<title>kad\u0131n \u00e7ok g\u00f6zl\u00fc suya dayan\u0131kl\u0131 \u00e7anta \u2013 Sanmorris<\/title>\n<meta name=\"description\" content=\"Suya dayan\u0131kl\u0131 saten kuma\u015ftan \u00fcretilmi\u015f, \u00e7ok g\u00f6zl\u00fc ve \u00e7apraz ask\u0131l\u0131 kad\u0131n \u00e7anta. Geni\u015f i\u00e7 hacmi, termos ve suluk b\u00f6lmeleri ile \u015f\u0131k ve kullan\u0131\u015fl\u0131.\" \/>\n<meta name=\"robots\" content=\"index, follow, max-snippet:-1, max-image-preview:large, max-video-preview:-1\" \/>\n<link rel=\"canonical\" href=\"https:\/\/sanmorrisbags.com\/tr\/product\/kadin-cok-gozlu-suya-dayanikli-saten-el-omuz-cantasi\/\" \/>\n<meta property=\"og:locale\" content=\"tr_TR\" \/>\n<meta property=\"og:type\" content=\"article\" \/>\n<meta property=\"og:title\" content=\"Code: 4003\" \/>\n<meta property=\"og:description\" content=\"Suya dayan\u0131kl\u0131 saten kuma\u015ftan \u00fcretilmi\u015f, \u00e7ok g\u00f6zl\u00fc ve \u00e7apraz ask\u0131l\u0131 kad\u0131n \u00e7anta. Geni\u015f i\u00e7 hacmi, termos ve suluk b\u00f6lmeleri ile \u015f\u0131k ve kullan\u0131\u015fl\u0131.\" \/>\n<meta property=\"og:url\" content=\"https:\/\/sanmorrisbags.com\/tr\/product\/kadin-cok-gozlu-suya-dayanikli-saten-el-omuz-cantasi\/\" \/>\n<meta property=\"og:site_name\" content=\"Sanmorris Bags\" \/>\n<meta property=\"article:publisher\" content=\"https:\/\/www.facebook.com\/sanmorrisbags\" \/>\n<meta property=\"article:modified_time\" content=\"2025-08-04T06:41:09+00:00\" \/>\n<meta property=\"og:image\" content=\"https:\/\/sanmorrisbags.com\/wp-content\/uploads\/2025\/08\/87.jpg\" \/>\n\t<meta property=\"og:image:width\" content=\"1200\" \/>\n\t<meta property=\"og:image:height\" content=\"1800\" \/>\n\t<meta property=\"og:image:type\" content=\"image\/jpeg\" \/>\n<meta name=\"twitter:card\" content=\"summary_large_image\" \/>\n<meta name=\"twitter:site\" content=\"@sanmorrisbag\" \/>\n<meta name=\"twitter:label1\" content=\"Durumu\" \/>\n\t<meta name=\"twitter:data1\" content=\"Stokta var\" \/>\n<script type=\"application\/ld+json\" class=\"yoast-schema-graph\">{\"@context\":\"https:\\\/\\\/schema.org\",\"@graph\":[{\"@type\":\"WebPage\",\"@id\":\"https:\\\/\\\/sanmorrisbags.com\\\/tr\\\/product\\\/kadin-cok-gozlu-suya-dayanikli-saten-el-omuz-cantasi\\\/\",\"url\":\"https:\\\/\\\/sanmorrisbags.com\\\/tr\\\/product\\\/kadin-cok-gozlu-suya-dayanikli-saten-el-omuz-cantasi\\\/\",\"name\":\"kad\u0131n \u00e7ok g\u00f6zl\u00fc suya dayan\u0131kl\u0131 \u00e7anta \u2013 Sanmorris\",\"isPartOf\":{\"@id\":\"https:\\\/\\\/sanmorrisbags.com\\\/tr\\\/#website\"},\"primaryImageOfPage\":{\"@id\":\"https:\\\/\\\/sanmorrisbags.com\\\/tr\\\/product\\\/kadin-cok-gozlu-suya-dayanikli-saten-el-omuz-cantasi\\\/#primaryimage\"},\"image\":{\"@id\":\"https:\\\/\\\/sanmorrisbags.com\\\/tr\\\/product\\\/kadin-cok-gozlu-suya-dayanikli-saten-el-omuz-cantasi\\\/#primaryimage\"},\"thumbnailUrl\":\"https:\\\/\\\/sanmorrisbags.com\\\/wp-content\\\/uploads\\\/2025\\\/08\\\/87.jpg\",\"datePublished\":\"2025-08-04T06:41:08+00:00\",\"dateModified\":\"2025-08-04T06:41:09+00:00\",\"description\":\"Suya dayan\u0131kl\u0131 saten kuma\u015ftan \u00fcretilmi\u015f, \u00e7ok g\u00f6zl\u00fc ve \u00e7apraz ask\u0131l\u0131 kad\u0131n \u00e7anta. Geni\u015f i\u00e7 hacmi, termos ve suluk b\u00f6lmeleri ile \u015f\u0131k ve kullan\u0131\u015fl\u0131.\",\"breadcrumb\":{\"@id\":\"https:\\\/\\\/sanmorrisbags.com\\\/tr\\\/product\\\/kadin-cok-gozlu-suya-dayanikli-saten-el-omuz-cantasi\\\/#breadcrumb\"},\"inLanguage\":\"tr\",\"potentialAction\":[{\"@type\":\"ReadAction\",\"target\":[\"https:\\\/\\\/sanmorrisbags.com\\\/tr\\\/product\\\/kadin-cok-gozlu-suya-dayanikli-saten-el-omuz-cantasi\\\/\"]}]},{\"@type\":\"ImageObject\",\"inLanguage\":\"tr\",\"@id\":\"https:\\\/\\\/sanmorrisbags.com\\\/tr\\\/product\\\/kadin-cok-gozlu-suya-dayanikli-saten-el-omuz-cantasi\\\/#primaryimage\",\"url\":\"https:\\\/\\\/sanmorrisbags.com\\\/wp-content\\\/uploads\\\/2025\\\/08\\\/87.jpg\",\"contentUrl\":\"https:\\\/\\\/sanmorrisbags.com\\\/wp-content\\\/uploads\\\/2025\\\/08\\\/87.jpg\",\"width\":1200,\"height\":1800,\"caption\":\"Kad\u0131n \u00e7ok g\u00f6zl\u00fc suya dayan\u0131kl\u0131 saten el ve omuz \u00e7antas\u0131\"},{\"@type\":\"BreadcrumbList\",\"@id\":\"https:\\\/\\\/sanmorrisbags.com\\\/tr\\\/product\\\/kadin-cok-gozlu-suya-dayanikli-saten-el-omuz-cantasi\\\/#breadcrumb\",\"itemListElement\":[{\"@type\":\"ListItem\",\"position\":1,\"name\":\"Home\",\"item\":\"https:\\\/\\\/sanmorrisbags.com\\\/tr\\\/home\\\/\"},{\"@type\":\"ListItem\",\"position\":2,\"name\":\"Shop\",\"item\":\"https:\\\/\\\/sanmorrisbags.com\\\/shop\\\/\"},{\"@type\":\"ListItem\",\"position\":3,\"name\":\"Code: 4003\"}]},{\"@type\":\"WebSite\",\"@id\":\"https:\\\/\\\/sanmorrisbags.com\\\/tr\\\/#website\",\"url\":\"https:\\\/\\\/sanmorrisbags.com\\\/tr\\\/\",\"name\":\"Sanmorris Bags\",\"description\":\"\",\"publisher\":{\"@id\":\"https:\\\/\\\/sanmorrisbags.com\\\/tr\\\/#organization\"},\"potentialAction\":[{\"@type\":\"SearchAction\",\"target\":{\"@type\":\"EntryPoint\",\"urlTemplate\":\"https:\\\/\\\/sanmorrisbags.com\\\/tr\\\/?s={search_term_string}\"},\"query-input\":{\"@type\":\"PropertyValueSpecification\",\"valueRequired\":true,\"valueName\":\"search_term_string\"}}],\"inLanguage\":\"tr\"},{\"@type\":\"Organization\",\"@id\":\"https:\\\/\\\/sanmorrisbags.com\\\/tr\\\/#organization\",\"name\":\"Sanmorris Bags\",\"url\":\"https:\\\/\\\/sanmorrisbags.com\\\/tr\\\/\",\"logo\":{\"@type\":\"ImageObject\",\"inLanguage\":\"tr\",\"@id\":\"https:\\\/\\\/sanmorrisbags.com\\\/tr\\\/#\\\/schema\\\/logo\\\/image\\\/\",\"url\":\"https:\\\/\\\/sanmorrisbags.com\\\/wp-content\\\/uploads\\\/2023\\\/02\\\/Logo-new.png\",\"contentUrl\":\"https:\\\/\\\/sanmorrisbags.com\\\/wp-content\\\/uploads\\\/2023\\\/02\\\/Logo-new.png\",\"width\":1000,\"height\":1000,\"caption\":\"Sanmorris Bags\"},\"image\":{\"@id\":\"https:\\\/\\\/sanmorrisbags.com\\\/tr\\\/#\\\/schema\\\/logo\\\/image\\\/\"},\"sameAs\":[\"https:\\\/\\\/www.facebook.com\\\/sanmorrisbags\",\"https:\\\/\\\/x.com\\\/sanmorrisbag\",\"https:\\\/\\\/www.instagram.com\\\/sanmorrisbag\\\/\"]}]}<\/script>\n<meta property=\"og:availability\" content=\"instock\" \/>\n<meta property=\"product:availability\" content=\"instock\" \/>\n<meta property=\"product:retailer_item_id\" content=\"S-4003\" \/>\n<meta property=\"product:condition\" content=\"new\" \/>\n<!-- \/ Yoast SEO Premium plugin. -->","yoast_head_json":{"title":"kad\u0131n \u00e7ok g\u00f6zl\u00fc suya dayan\u0131kl\u0131 \u00e7anta \u2013 Sanmorris","description":"Suya dayan\u0131kl\u0131 saten kuma\u015ftan \u00fcretilmi\u015f, \u00e7ok g\u00f6zl\u00fc ve \u00e7apraz ask\u0131l\u0131 kad\u0131n \u00e7anta. Geni\u015f i\u00e7 hacmi, termos ve suluk b\u00f6lmeleri ile \u015f\u0131k ve kullan\u0131\u015fl\u0131.","robots":{"index":"index","follow":"follow","max-snippet":"max-snippet:-1","max-image-preview":"max-image-preview:large","max-video-preview":"max-video-preview:-1"},"canonical":"https:\/\/sanmorrisbags.com\/tr\/product\/kadin-cok-gozlu-suya-dayanikli-saten-el-omuz-cantasi\/","og_locale":"tr_TR","og_type":"article","og_title":"Code: 4003","og_description":"Suya dayan\u0131kl\u0131 saten kuma\u015ftan \u00fcretilmi\u015f, \u00e7ok g\u00f6zl\u00fc ve \u00e7apraz ask\u0131l\u0131 kad\u0131n \u00e7anta. Geni\u015f i\u00e7 hacmi, termos ve suluk b\u00f6lmeleri ile \u015f\u0131k ve kullan\u0131\u015fl\u0131.","og_url":"https:\/\/sanmorrisbags.com\/tr\/product\/kadin-cok-gozlu-suya-dayanikli-saten-el-omuz-cantasi\/","og_site_name":"Sanmorris Bags","article_publisher":"https:\/\/www.facebook.com\/sanmorrisbags","article_modified_time":"2025-08-04T06:41:09+00:00","og_image":[{"width":1200,"height":1800,"url":"https:\/\/sanmorrisbags.com\/wp-content\/uploads\/2025\/08\/87.jpg","type":"image\/jpeg"}],"twitter_card":"summary_large_image","twitter_site":"@sanmorrisbag","twitter_misc":{"Durumu":"Stokta var"},"schema":{"@context":"https:\/\/schema.org","@graph":[{"@type":"WebPage","@id":"https:\/\/sanmorrisbags.com\/tr\/product\/kadin-cok-gozlu-suya-dayanikli-saten-el-omuz-cantasi\/","url":"https:\/\/sanmorrisbags.com\/tr\/product\/kadin-cok-gozlu-suya-dayanikli-saten-el-omuz-cantasi\/","name":"kad\u0131n \u00e7ok g\u00f6zl\u00fc suya dayan\u0131kl\u0131 \u00e7anta \u2013 Sanmorris","isPartOf":{"@id":"https:\/\/sanmorrisbags.com\/tr\/#website"},"primaryImageOfPage":{"@id":"https:\/\/sanmorrisbags.com\/tr\/product\/kadin-cok-gozlu-suya-dayanikli-saten-el-omuz-cantasi\/#primaryimage"},"image":{"@id":"https:\/\/sanmorrisbags.com\/tr\/product\/kadin-cok-gozlu-suya-dayanikli-saten-el-omuz-cantasi\/#primaryimage"},"thumbnailUrl":"https:\/\/sanmorrisbags.com\/wp-content\/uploads\/2025\/08\/87.jpg","datePublished":"2025-08-04T06:41:08+00:00","dateModified":"2025-08-04T06:41:09+00:00","description":"Suya dayan\u0131kl\u0131 saten kuma\u015ftan \u00fcretilmi\u015f, \u00e7ok g\u00f6zl\u00fc ve \u00e7apraz ask\u0131l\u0131 kad\u0131n \u00e7anta. Geni\u015f i\u00e7 hacmi, termos ve suluk b\u00f6lmeleri ile \u015f\u0131k ve kullan\u0131\u015fl\u0131.","breadcrumb":{"@id":"https:\/\/sanmorrisbags.com\/tr\/product\/kadin-cok-gozlu-suya-dayanikli-saten-el-omuz-cantasi\/#breadcrumb"},"inLanguage":"tr","potentialAction":[{"@type":"ReadAction","target":["https:\/\/sanmorrisbags.com\/tr\/product\/kadin-cok-gozlu-suya-dayanikli-saten-el-omuz-cantasi\/"]}]},{"@type":"ImageObject","inLanguage":"tr","@id":"https:\/\/sanmorrisbags.com\/tr\/product\/kadin-cok-gozlu-suya-dayanikli-saten-el-omuz-cantasi\/#primaryimage","url":"https:\/\/sanmorrisbags.com\/wp-content\/uploads\/2025\/08\/87.jpg","contentUrl":"https:\/\/sanmorrisbags.com\/wp-content\/uploads\/2025\/08\/87.jpg","width":1200,"height":1800,"caption":"Kad\u0131n \u00e7ok g\u00f6zl\u00fc suya dayan\u0131kl\u0131 saten el ve omuz \u00e7antas\u0131"},{"@type":"BreadcrumbList","@id":"https:\/\/sanmorrisbags.com\/tr\/product\/kadin-cok-gozlu-suya-dayanikli-saten-el-omuz-cantasi\/#breadcrumb","itemListElement":[{"@type":"ListItem","position":1,"name":"Home","item":"https:\/\/sanmorrisbags.com\/tr\/home\/"},{"@type":"ListItem","position":2,"name":"Shop","item":"https:\/\/sanmorrisbags.com\/shop\/"},{"@type":"ListItem","position":3,"name":"Code: 4003"}]},{"@type":"WebSite","@id":"https:\/\/sanmorrisbags.com\/tr\/#website","url":"https:\/\/sanmorrisbags.com\/tr\/","name":"Sanmorris Bags","description":"","publisher":{"@id":"https:\/\/sanmorrisbags.com\/tr\/#organization"},"potentialAction":[{"@type":"SearchAction","target":{"@type":"EntryPoint","urlTemplate":"https:\/\/sanmorrisbags.com\/tr\/?s={search_term_string}"},"query-input":{"@type":"PropertyValueSpecification","valueRequired":true,"valueName":"search_term_string"}}],"inLanguage":"tr"},{"@type":"Organization","@id":"https:\/\/sanmorrisbags.com\/tr\/#organization","name":"Sanmorris Bags","url":"https:\/\/sanmorrisbags.com\/tr\/","logo":{"@type":"ImageObject","inLanguage":"tr","@id":"https:\/\/sanmorrisbags.com\/tr\/#\/schema\/logo\/image\/","url":"https:\/\/sanmorrisbags.com\/wp-content\/uploads\/2023\/02\/Logo-new.png","contentUrl":"https:\/\/sanmorrisbags.com\/wp-content\/uploads\/2023\/02\/Logo-new.png","width":1000,"height":1000,"caption":"Sanmorris Bags"},"image":{"@id":"https:\/\/sanmorrisbags.com\/tr\/#\/schema\/logo\/image\/"},"sameAs":["https:\/\/www.facebook.com\/sanmorrisbags","https:\/\/x.com\/sanmorrisbag","https:\/\/www.instagram.com\/sanmorrisbag\/"]}]},"og_availability":"instock","product_availability":"instock","product_retailer_item_id":"S-4003","product_condition":"new"},"_links":{"self":[{"href":"https:\/\/sanmorrisbags.com\/tr\/wp-json\/wp\/v2\/product\/24419","targetHints":{"allow":["GET"]}}],"collection":[{"href":"https:\/\/sanmorrisbags.com\/tr\/wp-json\/wp\/v2\/product"}],"about":[{"href":"https:\/\/sanmorrisbags.com\/tr\/wp-json\/wp\/v2\/types\/product"}],"replies":[{"embeddable":true,"href":"https:\/\/sanmorrisbags.com\/tr\/wp-json\/wp\/v2\/comments?post=24419"}],"wp:featuredmedia":[{"embeddable":true,"href":"https:\/\/sanmorrisbags.com\/tr\/wp-json\/wp\/v2\/media\/24420"}],"wp:attachment":[{"href":"https:\/\/sanmorrisbags.com\/tr\/wp-json\/wp\/v2\/media?parent=24419"}],"wp:term":[{"taxonomy":"product_brand","embeddable":true,"href":"https:\/\/sanmorrisbags.com\/tr\/wp-json\/wp\/v2\/product_brand?post=24419"},{"taxonomy":"product_cat","embeddable":true,"href":"https:\/\/sanmorrisbags.com\/tr\/wp-json\/wp\/v2\/product_cat?post=24419"},{"taxonomy":"product_tag","embeddable":true,"href":"https:\/\/sanmorrisbags.com\/tr\/wp-json\/wp\/v2\/product_tag?post=24419"}],"curies":[{"name":"wp","href":"https:\/\/api.w.org\/{rel}","templated":true}]}}