{"id":24455,"date":"2025-08-04T07:23:34","date_gmt":"2025-08-04T07:23:34","guid":{"rendered":"https:\/\/sanmorrisbags.com\/?post_type=product&#038;p=24455"},"modified":"2025-08-04T07:23:35","modified_gmt":"2025-08-04T07:23:35","slug":"sanmorris-cok-gozlu-su-gecirmez-krinkil-capraz-canta","status":"publish","type":"product","link":"https:\/\/sanmorrisbags.com\/tr\/product\/sanmorris-cok-gozlu-su-gecirmez-krinkil-capraz-canta\/","title":{"rendered":"Code: 4005"},"content":{"rendered":"<h2 data-start=\"168\" data-end=\"253\"><strong data-start=\"171\" data-end=\"251\">Kad\u0131n \u00c7ok G\u00f6zl\u00fc Suya Dayan\u0131kl\u0131 Krink\u0131l Kuma\u015f \u00c7apraz Ask\u0131l\u0131 \u00c7anta \u2013 Sanmorris<\/strong><\/h2>\n<p data-start=\"254\" data-end=\"560\">G\u00fcnl\u00fck hayatta hem \u015f\u0131k g\u00f6r\u00fcnmek hem de e\u015fyalar\u0131n\u0131z\u0131 d\u00fczenli ta\u015f\u0131mak istiyorsan\u0131z, <strong data-start=\"336\" data-end=\"416\">Kad\u0131n \u00c7ok G\u00f6zl\u00fc Suya Dayan\u0131kl\u0131 Krink\u0131l Kuma\u015f \u00c7apraz Ask\u0131l\u0131 \u00c7anta \u2013 Sanmorris<\/strong> tam size g\u00f6re. Fonksiyonel b\u00f6lmeleri, kaliteli malzemesi ve hafif yap\u0131s\u0131yla bu \u00e7anta, g\u00fcnl\u00fck kullan\u0131mda ve seyahatlerde vazge\u00e7ilmeziniz olacak.<\/p>\n<hr data-start=\"562\" data-end=\"565\" \/>\n<h3 data-start=\"567\" data-end=\"609\"><strong data-start=\"571\" data-end=\"607\">Fonksiyonel ve \u00c7ok G\u00f6zl\u00fc Tasar\u0131m<\/strong><\/h3>\n<p data-start=\"610\" data-end=\"940\">Bu \u00e7anta, <strong data-start=\"620\" data-end=\"646\">7 adet fermuarl\u0131 b\u00f6lme<\/strong> ile e\u015fyalar\u0131n\u0131z\u0131 d\u00fczenli \u015fekilde ta\u015f\u0131man\u0131za yard\u0131mc\u0131 olur. Arka k\u0131s\u0131mda ve i\u00e7 b\u00f6l\u00fcmde yer alan fermuarl\u0131 cepler, telefon, c\u00fczdan ve araba anahtar\u0131 gibi de\u011ferli e\u015fyalar\u0131n\u0131z\u0131 g\u00fcvenle saklaman\u0131z\u0131 sa\u011flar. Sa\u011f ve sol taraf\u0131ndaki mini fermuarl\u0131 b\u00f6lmeler ise k\u00fc\u00e7\u00fck e\u015fyalar\u0131n\u0131za pratik eri\u015fim sunar.<\/p>\n<hr data-start=\"942\" data-end=\"945\" \/>\n<h3 data-start=\"947\" data-end=\"980\"><strong data-start=\"951\" data-end=\"978\">Y\u00fcksek Kaliteli Malzeme<\/strong><\/h3>\n<p data-start=\"981\" data-end=\"1272\">Birinci kalite <strong data-start=\"996\" data-end=\"1028\">suya dayan\u0131kl\u0131 krink\u0131l kuma\u015f<\/strong> ve sa\u011flam i\u00e7 astar kullan\u0131larak \u00fcretilmi\u015ftir. Y\u00fcksek kalite fermuarlar, \u00e7antan\u0131n uzun s\u00fcre sorunsuz kullan\u0131lmas\u0131n\u0131 sa\u011flar. Krink\u0131l kuma\u015f\u0131n hafif ve dayan\u0131kl\u0131 yap\u0131s\u0131 sayesinde \u00e7antan\u0131z hem g\u00fcnl\u00fck tempoya hem de d\u0131\u015f etkenlere kar\u015f\u0131 dayan\u0131kl\u0131d\u0131r.<\/p>\n<hr data-start=\"1274\" data-end=\"1277\" \/>\n<h3 data-start=\"1279\" data-end=\"1307\"><strong data-start=\"1283\" data-end=\"1305\">Kullan\u0131m Kolayl\u0131\u011f\u0131<\/strong><\/h3>\n<p data-start=\"1308\" data-end=\"1540\">Ayarlanabilir 140 cm uzunlu\u011fundaki kal\u0131n \u00e7apraz ask\u0131s\u0131 sayesinde \u00e7antay\u0131 omuzda veya \u00e7apraz olarak rahatl\u0131kla ta\u015f\u0131yabilirsiniz. <strong data-start=\"1436\" data-end=\"1484\">20 cm boy, 29 cm en ve 15 cm taban geni\u015fli\u011fi<\/strong> ile g\u00fcnl\u00fck ihtiya\u00e7lar\u0131n\u0131z i\u00e7in ideal \u00f6l\u00e7\u00fclere sahiptir.<\/p>\n<hr data-start=\"1542\" data-end=\"1545\" \/>\n<h3 data-start=\"1547\" data-end=\"1571\"><strong data-start=\"1551\" data-end=\"1569\">Hafif ve Rahat<\/strong><\/h3>\n<p data-start=\"1572\" data-end=\"1706\">Hafif yap\u0131s\u0131 ve ergonomik tasar\u0131m\u0131 sayesinde omuzlar\u0131n\u0131z\u0131 yormadan uzun s\u00fcre ta\u015f\u0131yabilirsiniz. Yaz-k\u0131\u015f d\u00f6rt mevsim kullan\u0131ma uygundur.<\/p>\n<hr data-start=\"1708\" data-end=\"1711\" \/>\n<h3 data-start=\"1713\" data-end=\"1746\"><strong data-start=\"1717\" data-end=\"1744\">\u015e\u0131k ve Zamans\u0131z Tasar\u0131m<\/strong><\/h3>\n<p data-start=\"1747\" data-end=\"1904\">Minimalist ve modern g\u00f6r\u00fcn\u00fcm\u00fc ile hem spor hem klasik kombinlerinize uyum sa\u011flar. Farkl\u0131 renk se\u00e7enekleri sayesinde tarz\u0131n\u0131za en uygun modeli se\u00e7ebilirsiniz.<\/p>\n<hr data-start=\"1906\" data-end=\"1909\" \/>\n<h3 data-start=\"1911\" data-end=\"1935\"><strong data-start=\"1915\" data-end=\"1933\">Kolay Temizlik<\/strong><\/h3>\n<p data-start=\"1936\" data-end=\"2076\">Suya dayan\u0131kl\u0131 yap\u0131s\u0131 sayesinde kolay temizlenir. Kir veya leke olu\u015ftu\u011funda nemli bir bez ile silerek ilk g\u00fcnk\u00fc g\u00f6r\u00fcn\u00fcm\u00fcn\u00fc koruyabilirsiniz.<\/p>\n","protected":false},"excerpt":{"rendered":"<p>Kad\u0131n \u00c7ok G\u00f6zl\u00fc Suya Dayan\u0131kl\u0131 Krink\u0131l Kuma\u015f \u00c7apraz Ask\u0131l\u0131 \u00c7anta \u2013 Sanmorris G\u00fcnl\u00fck hayatta hem \u015f\u0131k g\u00f6r\u00fcnmek hem de e\u015fyalar\u0131n\u0131z\u0131 d\u00fczenli ta\u015f\u0131mak istiyorsan\u0131z, Kad\u0131n \u00c7ok G\u00f6zl\u00fc Suya Dayan\u0131kl\u0131 Krink\u0131l Kuma\u015f \u00c7apraz Ask\u0131l\u0131 \u00c7anta \u2013 Sanmorris tam size g\u00f6re. Fonksiyonel b\u00f6lmeleri, kaliteli malzemesi ve hafif yap\u0131s\u0131yla bu \u00e7anta, g\u00fcnl\u00fck kullan\u0131mda ve seyahatlerde vazge\u00e7ilmeziniz olacak. Fonksiyonel ve [&hellip;]<\/p>\n","protected":false},"featured_media":24456,"comment_status":"closed","ping_status":"closed","template":"","meta":[],"product_brand":[],"product_cat":[37,38],"product_tag":[],"class_list":{"0":"post-24455","1":"product","2":"type-product","3":"status-publish","4":"has-post-thumbnail","6":"product_cat-crossbody-bags","7":"product_cat-shoulder-bags","8":"pa_color-black","9":"pa_color-blue","10":"pa_color-d-purple-2","11":"pa_color-khaki","12":"pa_color-l-gray","13":"pa_color-white","15":"first","16":"instock","17":"shipping-taxable","18":"purchasable","19":"product-type-variable","20":"wvs-archive-product-wrapper"},"yoast_head":"<!-- This site is optimized with the Yoast SEO Premium plugin v25.4 (Yoast SEO v27.4) - https:\/\/yoast.com\/product\/yoast-seo-premium-wordpress\/ -->\n<title>suya dayan\u0131kl\u0131 krink\u0131l kuma\u015f \u00e7anta\u2013 Hafif ve Dayan\u0131kl\u0131<\/title>\n<meta name=\"description\" content=\"7 fermuarl\u0131 b\u00f6lmeli, suya dayan\u0131kl\u0131 krink\u0131l kuma\u015f Sanmorris \u00e7apraz \u00e7anta. Hafif, dayan\u0131kl\u0131 ve \u015f\u0131k tasar\u0131m\u0131yla g\u00fcnl\u00fck kullan\u0131m ve seyahatler i\u00e7in ideal.\" \/>\n<meta name=\"robots\" content=\"index, follow, max-snippet:-1, max-image-preview:large, max-video-preview:-1\" \/>\n<link rel=\"canonical\" href=\"https:\/\/sanmorrisbags.com\/tr\/product\/sanmorris-cok-gozlu-su-gecirmez-krinkil-capraz-canta\/\" \/>\n<meta property=\"og:locale\" content=\"tr_TR\" \/>\n<meta property=\"og:type\" content=\"article\" \/>\n<meta property=\"og:title\" content=\"Code: 4005\" \/>\n<meta property=\"og:description\" content=\"7 fermuarl\u0131 b\u00f6lmeli, suya dayan\u0131kl\u0131 krink\u0131l kuma\u015f Sanmorris \u00e7apraz \u00e7anta. Hafif, dayan\u0131kl\u0131 ve \u015f\u0131k tasar\u0131m\u0131yla g\u00fcnl\u00fck kullan\u0131m ve seyahatler i\u00e7in ideal.\" \/>\n<meta property=\"og:url\" content=\"https:\/\/sanmorrisbags.com\/tr\/product\/sanmorris-cok-gozlu-su-gecirmez-krinkil-capraz-canta\/\" \/>\n<meta property=\"og:site_name\" content=\"Sanmorris Bags\" \/>\n<meta property=\"article:publisher\" content=\"https:\/\/www.facebook.com\/sanmorrisbags\" \/>\n<meta property=\"article:modified_time\" content=\"2025-08-04T07:23:35+00:00\" \/>\n<meta property=\"og:image\" content=\"https:\/\/sanmorrisbags.com\/wp-content\/uploads\/2025\/08\/44.jpg\" \/>\n\t<meta property=\"og:image:width\" content=\"1200\" \/>\n\t<meta property=\"og:image:height\" content=\"1800\" \/>\n\t<meta property=\"og:image:type\" content=\"image\/jpeg\" \/>\n<meta name=\"twitter:card\" content=\"summary_large_image\" \/>\n<meta name=\"twitter:site\" content=\"@sanmorrisbag\" \/>\n<meta name=\"twitter:label1\" content=\"Durumu\" \/>\n\t<meta name=\"twitter:data1\" content=\"Stokta var\" \/>\n<script type=\"application\/ld+json\" class=\"yoast-schema-graph\">{\"@context\":\"https:\\\/\\\/schema.org\",\"@graph\":[{\"@type\":\"WebPage\",\"@id\":\"https:\\\/\\\/sanmorrisbags.com\\\/tr\\\/product\\\/sanmorris-cok-gozlu-su-gecirmez-krinkil-capraz-canta\\\/\",\"url\":\"https:\\\/\\\/sanmorrisbags.com\\\/tr\\\/product\\\/sanmorris-cok-gozlu-su-gecirmez-krinkil-capraz-canta\\\/\",\"name\":\"suya dayan\u0131kl\u0131 krink\u0131l kuma\u015f \u00e7anta\u2013 Hafif ve Dayan\u0131kl\u0131\",\"isPartOf\":{\"@id\":\"https:\\\/\\\/sanmorrisbags.com\\\/tr\\\/#website\"},\"primaryImageOfPage\":{\"@id\":\"https:\\\/\\\/sanmorrisbags.com\\\/tr\\\/product\\\/sanmorris-cok-gozlu-su-gecirmez-krinkil-capraz-canta\\\/#primaryimage\"},\"image\":{\"@id\":\"https:\\\/\\\/sanmorrisbags.com\\\/tr\\\/product\\\/sanmorris-cok-gozlu-su-gecirmez-krinkil-capraz-canta\\\/#primaryimage\"},\"thumbnailUrl\":\"https:\\\/\\\/sanmorrisbags.com\\\/wp-content\\\/uploads\\\/2025\\\/08\\\/44.jpg\",\"datePublished\":\"2025-08-04T07:23:34+00:00\",\"dateModified\":\"2025-08-04T07:23:35+00:00\",\"description\":\"7 fermuarl\u0131 b\u00f6lmeli, suya dayan\u0131kl\u0131 krink\u0131l kuma\u015f Sanmorris \u00e7apraz \u00e7anta. Hafif, dayan\u0131kl\u0131 ve \u015f\u0131k tasar\u0131m\u0131yla g\u00fcnl\u00fck kullan\u0131m ve seyahatler i\u00e7in ideal.\",\"breadcrumb\":{\"@id\":\"https:\\\/\\\/sanmorrisbags.com\\\/tr\\\/product\\\/sanmorris-cok-gozlu-su-gecirmez-krinkil-capraz-canta\\\/#breadcrumb\"},\"inLanguage\":\"tr\",\"potentialAction\":[{\"@type\":\"ReadAction\",\"target\":[\"https:\\\/\\\/sanmorrisbags.com\\\/tr\\\/product\\\/sanmorris-cok-gozlu-su-gecirmez-krinkil-capraz-canta\\\/\"]}]},{\"@type\":\"ImageObject\",\"inLanguage\":\"tr\",\"@id\":\"https:\\\/\\\/sanmorrisbags.com\\\/tr\\\/product\\\/sanmorris-cok-gozlu-su-gecirmez-krinkil-capraz-canta\\\/#primaryimage\",\"url\":\"https:\\\/\\\/sanmorrisbags.com\\\/wp-content\\\/uploads\\\/2025\\\/08\\\/44.jpg\",\"contentUrl\":\"https:\\\/\\\/sanmorrisbags.com\\\/wp-content\\\/uploads\\\/2025\\\/08\\\/44.jpg\",\"width\":1200,\"height\":1800,\"caption\":\"Include variations like Sanmorris suya dayan\u0131kl\u0131 krink\u0131l kuma\u015f \u00e7apraz \u00e7anta farkl\u0131 renk se\u00e7enekleriyle\"},{\"@type\":\"BreadcrumbList\",\"@id\":\"https:\\\/\\\/sanmorrisbags.com\\\/tr\\\/product\\\/sanmorris-cok-gozlu-su-gecirmez-krinkil-capraz-canta\\\/#breadcrumb\",\"itemListElement\":[{\"@type\":\"ListItem\",\"position\":1,\"name\":\"Home\",\"item\":\"https:\\\/\\\/sanmorrisbags.com\\\/tr\\\/home\\\/\"},{\"@type\":\"ListItem\",\"position\":2,\"name\":\"Shop\",\"item\":\"https:\\\/\\\/sanmorrisbags.com\\\/shop\\\/\"},{\"@type\":\"ListItem\",\"position\":3,\"name\":\"Code: 4005\"}]},{\"@type\":\"WebSite\",\"@id\":\"https:\\\/\\\/sanmorrisbags.com\\\/tr\\\/#website\",\"url\":\"https:\\\/\\\/sanmorrisbags.com\\\/tr\\\/\",\"name\":\"Sanmorris Bags\",\"description\":\"\",\"publisher\":{\"@id\":\"https:\\\/\\\/sanmorrisbags.com\\\/tr\\\/#organization\"},\"potentialAction\":[{\"@type\":\"SearchAction\",\"target\":{\"@type\":\"EntryPoint\",\"urlTemplate\":\"https:\\\/\\\/sanmorrisbags.com\\\/tr\\\/?s={search_term_string}\"},\"query-input\":{\"@type\":\"PropertyValueSpecification\",\"valueRequired\":true,\"valueName\":\"search_term_string\"}}],\"inLanguage\":\"tr\"},{\"@type\":\"Organization\",\"@id\":\"https:\\\/\\\/sanmorrisbags.com\\\/tr\\\/#organization\",\"name\":\"Sanmorris Bags\",\"url\":\"https:\\\/\\\/sanmorrisbags.com\\\/tr\\\/\",\"logo\":{\"@type\":\"ImageObject\",\"inLanguage\":\"tr\",\"@id\":\"https:\\\/\\\/sanmorrisbags.com\\\/tr\\\/#\\\/schema\\\/logo\\\/image\\\/\",\"url\":\"https:\\\/\\\/sanmorrisbags.com\\\/wp-content\\\/uploads\\\/2023\\\/02\\\/Logo-new.png\",\"contentUrl\":\"https:\\\/\\\/sanmorrisbags.com\\\/wp-content\\\/uploads\\\/2023\\\/02\\\/Logo-new.png\",\"width\":1000,\"height\":1000,\"caption\":\"Sanmorris Bags\"},\"image\":{\"@id\":\"https:\\\/\\\/sanmorrisbags.com\\\/tr\\\/#\\\/schema\\\/logo\\\/image\\\/\"},\"sameAs\":[\"https:\\\/\\\/www.facebook.com\\\/sanmorrisbags\",\"https:\\\/\\\/x.com\\\/sanmorrisbag\",\"https:\\\/\\\/www.instagram.com\\\/sanmorrisbag\\\/\"]}]}<\/script>\n<meta property=\"og:availability\" content=\"instock\" \/>\n<meta property=\"product:availability\" content=\"instock\" \/>\n<meta property=\"product:retailer_item_id\" content=\"S-4005\" \/>\n<meta property=\"product:condition\" content=\"new\" \/>\n<!-- \/ Yoast SEO Premium plugin. -->","yoast_head_json":{"title":"suya dayan\u0131kl\u0131 krink\u0131l kuma\u015f \u00e7anta\u2013 Hafif ve Dayan\u0131kl\u0131","description":"7 fermuarl\u0131 b\u00f6lmeli, suya dayan\u0131kl\u0131 krink\u0131l kuma\u015f Sanmorris \u00e7apraz \u00e7anta. Hafif, dayan\u0131kl\u0131 ve \u015f\u0131k tasar\u0131m\u0131yla g\u00fcnl\u00fck kullan\u0131m ve seyahatler i\u00e7in ideal.","robots":{"index":"index","follow":"follow","max-snippet":"max-snippet:-1","max-image-preview":"max-image-preview:large","max-video-preview":"max-video-preview:-1"},"canonical":"https:\/\/sanmorrisbags.com\/tr\/product\/sanmorris-cok-gozlu-su-gecirmez-krinkil-capraz-canta\/","og_locale":"tr_TR","og_type":"article","og_title":"Code: 4005","og_description":"7 fermuarl\u0131 b\u00f6lmeli, suya dayan\u0131kl\u0131 krink\u0131l kuma\u015f Sanmorris \u00e7apraz \u00e7anta. Hafif, dayan\u0131kl\u0131 ve \u015f\u0131k tasar\u0131m\u0131yla g\u00fcnl\u00fck kullan\u0131m ve seyahatler i\u00e7in ideal.","og_url":"https:\/\/sanmorrisbags.com\/tr\/product\/sanmorris-cok-gozlu-su-gecirmez-krinkil-capraz-canta\/","og_site_name":"Sanmorris Bags","article_publisher":"https:\/\/www.facebook.com\/sanmorrisbags","article_modified_time":"2025-08-04T07:23:35+00:00","og_image":[{"width":1200,"height":1800,"url":"https:\/\/sanmorrisbags.com\/wp-content\/uploads\/2025\/08\/44.jpg","type":"image\/jpeg"}],"twitter_card":"summary_large_image","twitter_site":"@sanmorrisbag","twitter_misc":{"Durumu":"Stokta var"},"schema":{"@context":"https:\/\/schema.org","@graph":[{"@type":"WebPage","@id":"https:\/\/sanmorrisbags.com\/tr\/product\/sanmorris-cok-gozlu-su-gecirmez-krinkil-capraz-canta\/","url":"https:\/\/sanmorrisbags.com\/tr\/product\/sanmorris-cok-gozlu-su-gecirmez-krinkil-capraz-canta\/","name":"suya dayan\u0131kl\u0131 krink\u0131l kuma\u015f \u00e7anta\u2013 Hafif ve Dayan\u0131kl\u0131","isPartOf":{"@id":"https:\/\/sanmorrisbags.com\/tr\/#website"},"primaryImageOfPage":{"@id":"https:\/\/sanmorrisbags.com\/tr\/product\/sanmorris-cok-gozlu-su-gecirmez-krinkil-capraz-canta\/#primaryimage"},"image":{"@id":"https:\/\/sanmorrisbags.com\/tr\/product\/sanmorris-cok-gozlu-su-gecirmez-krinkil-capraz-canta\/#primaryimage"},"thumbnailUrl":"https:\/\/sanmorrisbags.com\/wp-content\/uploads\/2025\/08\/44.jpg","datePublished":"2025-08-04T07:23:34+00:00","dateModified":"2025-08-04T07:23:35+00:00","description":"7 fermuarl\u0131 b\u00f6lmeli, suya dayan\u0131kl\u0131 krink\u0131l kuma\u015f Sanmorris \u00e7apraz \u00e7anta. Hafif, dayan\u0131kl\u0131 ve \u015f\u0131k tasar\u0131m\u0131yla g\u00fcnl\u00fck kullan\u0131m ve seyahatler i\u00e7in ideal.","breadcrumb":{"@id":"https:\/\/sanmorrisbags.com\/tr\/product\/sanmorris-cok-gozlu-su-gecirmez-krinkil-capraz-canta\/#breadcrumb"},"inLanguage":"tr","potentialAction":[{"@type":"ReadAction","target":["https:\/\/sanmorrisbags.com\/tr\/product\/sanmorris-cok-gozlu-su-gecirmez-krinkil-capraz-canta\/"]}]},{"@type":"ImageObject","inLanguage":"tr","@id":"https:\/\/sanmorrisbags.com\/tr\/product\/sanmorris-cok-gozlu-su-gecirmez-krinkil-capraz-canta\/#primaryimage","url":"https:\/\/sanmorrisbags.com\/wp-content\/uploads\/2025\/08\/44.jpg","contentUrl":"https:\/\/sanmorrisbags.com\/wp-content\/uploads\/2025\/08\/44.jpg","width":1200,"height":1800,"caption":"Include variations like Sanmorris suya dayan\u0131kl\u0131 krink\u0131l kuma\u015f \u00e7apraz \u00e7anta farkl\u0131 renk se\u00e7enekleriyle"},{"@type":"BreadcrumbList","@id":"https:\/\/sanmorrisbags.com\/tr\/product\/sanmorris-cok-gozlu-su-gecirmez-krinkil-capraz-canta\/#breadcrumb","itemListElement":[{"@type":"ListItem","position":1,"name":"Home","item":"https:\/\/sanmorrisbags.com\/tr\/home\/"},{"@type":"ListItem","position":2,"name":"Shop","item":"https:\/\/sanmorrisbags.com\/shop\/"},{"@type":"ListItem","position":3,"name":"Code: 4005"}]},{"@type":"WebSite","@id":"https:\/\/sanmorrisbags.com\/tr\/#website","url":"https:\/\/sanmorrisbags.com\/tr\/","name":"Sanmorris Bags","description":"","publisher":{"@id":"https:\/\/sanmorrisbags.com\/tr\/#organization"},"potentialAction":[{"@type":"SearchAction","target":{"@type":"EntryPoint","urlTemplate":"https:\/\/sanmorrisbags.com\/tr\/?s={search_term_string}"},"query-input":{"@type":"PropertyValueSpecification","valueRequired":true,"valueName":"search_term_string"}}],"inLanguage":"tr"},{"@type":"Organization","@id":"https:\/\/sanmorrisbags.com\/tr\/#organization","name":"Sanmorris Bags","url":"https:\/\/sanmorrisbags.com\/tr\/","logo":{"@type":"ImageObject","inLanguage":"tr","@id":"https:\/\/sanmorrisbags.com\/tr\/#\/schema\/logo\/image\/","url":"https:\/\/sanmorrisbags.com\/wp-content\/uploads\/2023\/02\/Logo-new.png","contentUrl":"https:\/\/sanmorrisbags.com\/wp-content\/uploads\/2023\/02\/Logo-new.png","width":1000,"height":1000,"caption":"Sanmorris Bags"},"image":{"@id":"https:\/\/sanmorrisbags.com\/tr\/#\/schema\/logo\/image\/"},"sameAs":["https:\/\/www.facebook.com\/sanmorrisbags","https:\/\/x.com\/sanmorrisbag","https:\/\/www.instagram.com\/sanmorrisbag\/"]}]},"og_availability":"instock","product_availability":"instock","product_retailer_item_id":"S-4005","product_condition":"new"},"_links":{"self":[{"href":"https:\/\/sanmorrisbags.com\/tr\/wp-json\/wp\/v2\/product\/24455","targetHints":{"allow":["GET"]}}],"collection":[{"href":"https:\/\/sanmorrisbags.com\/tr\/wp-json\/wp\/v2\/product"}],"about":[{"href":"https:\/\/sanmorrisbags.com\/tr\/wp-json\/wp\/v2\/types\/product"}],"replies":[{"embeddable":true,"href":"https:\/\/sanmorrisbags.com\/tr\/wp-json\/wp\/v2\/comments?post=24455"}],"wp:featuredmedia":[{"embeddable":true,"href":"https:\/\/sanmorrisbags.com\/tr\/wp-json\/wp\/v2\/media\/24456"}],"wp:attachment":[{"href":"https:\/\/sanmorrisbags.com\/tr\/wp-json\/wp\/v2\/media?parent=24455"}],"wp:term":[{"taxonomy":"product_brand","embeddable":true,"href":"https:\/\/sanmorrisbags.com\/tr\/wp-json\/wp\/v2\/product_brand?post=24455"},{"taxonomy":"product_cat","embeddable":true,"href":"https:\/\/sanmorrisbags.com\/tr\/wp-json\/wp\/v2\/product_cat?post=24455"},{"taxonomy":"product_tag","embeddable":true,"href":"https:\/\/sanmorrisbags.com\/tr\/wp-json\/wp\/v2\/product_tag?post=24455"}],"curies":[{"name":"wp","href":"https:\/\/api.w.org\/{rel}","templated":true}]}}