{"id":24494,"date":"2025-08-06T13:54:57","date_gmt":"2025-08-06T13:54:57","guid":{"rendered":"https:\/\/sanmorrisbags.com\/?post_type=product&#038;p=24494"},"modified":"2025-08-06T13:54:59","modified_gmt":"2025-08-06T13:54:59","slug":"sanmorris-krinkil-kumas-capraz-omuz-cantasi","status":"publish","type":"product","link":"https:\/\/sanmorrisbags.com\/tr\/product\/sanmorris-krinkil-kumas-capraz-omuz-cantasi\/","title":{"rendered":"Code: 4006"},"content":{"rendered":"<h2 data-start=\"236\" data-end=\"323\"><strong data-start=\"239\" data-end=\"323\">Kad\u0131n Suya Dayan\u0131kl\u0131 Krink\u0131l Kuma\u015f \u00c7apraz Ask\u0131l\u0131 G\u00fcnl\u00fck Omuz \u00c7antas\u0131 \u2013 Sanmorris<\/strong><\/h2>\n<p data-start=\"325\" data-end=\"676\">G\u00fcnl\u00fck hayatta \u015f\u0131kl\u0131\u011f\u0131, konforu ve d\u00fczeni bir arada ya\u015famak isteyen kad\u0131nlar i\u00e7in \u00f6zel olarak tasarlanan <strong data-start=\"430\" data-end=\"514\">Kad\u0131n Suya Dayan\u0131kl\u0131 Krink\u0131l Kuma\u015f \u00c7apraz Ask\u0131l\u0131 G\u00fcnl\u00fck Omuz \u00c7antas\u0131 \u2013 Sanmorris<\/strong>, i\u015flevselli\u011fi ve sade tasar\u0131m\u0131yla \u00f6ne \u00e7\u0131k\u0131yor. Hem casual hem ofis kombinlerinizin tamamlay\u0131c\u0131s\u0131 olacak bu \u00e7anta, farkl\u0131 ya\u015f gruplar\u0131na ve tarzlara hitap ediyor.<\/p>\n<hr data-start=\"678\" data-end=\"681\" \/>\n<h3 data-start=\"683\" data-end=\"723\"><strong data-start=\"687\" data-end=\"723\">Fonksiyonel ve \u00c7ok G\u00f6zl\u00fc Tasar\u0131m<\/strong><\/h3>\n<p data-start=\"725\" data-end=\"1118\">Toplam <strong data-start=\"732\" data-end=\"760\">6 adet fermuarl\u0131 b\u00f6lmeye<\/strong> sahip bu modelde, biri arka y\u00fczde ve biri i\u00e7 k\u0131s\u0131mda olmak \u00fczere \u00f6zel fermuarl\u0131 g\u00f6zler bulunur. Bu b\u00f6lmeler, c\u00fczdan, telefon ve araba anahtar\u0131 gibi e\u015fyalar\u0131n\u0131z\u0131 daha g\u00fcvende ta\u015f\u0131man\u0131z i\u00e7in idealdir.<br data-start=\"959\" data-end=\"962\" \/>Ayr\u0131ca 0-1 litre kapasite aral\u0131\u011f\u0131ndaki i\u00e7 hacmi ile g\u00fcnl\u00fck kullan\u0131m i\u00e7in yeterli alan sunar. Paket i\u00e7eri\u011fi tek adet olup, sade ve minimalist bir stil sunar.<\/p>\n<hr data-start=\"1120\" data-end=\"1123\" \/>\n<h3 data-start=\"1125\" data-end=\"1156\"><strong data-start=\"1129\" data-end=\"1156\">Y\u00fcksek Kaliteli Malzeme<\/strong><\/h3>\n<p data-start=\"1158\" data-end=\"1490\">\u00c7antan\u0131n \u00fcretiminde birinci kalite <strong data-start=\"1193\" data-end=\"1225\">suya dayan\u0131kl\u0131 krink\u0131l kuma\u015f<\/strong> ve dayan\u0131kl\u0131 astar kullan\u0131lm\u0131\u015ft\u0131r. Y\u00fcksek kalite fermuarlar, uzun \u00f6m\u00fcrl\u00fc kullan\u0131m sa\u011flar.<br data-start=\"1315\" data-end=\"1318\" \/>%100 tekstil materyali sayesinde hem hayvan dostudur hem de hafiflik ve dayan\u0131kl\u0131l\u0131\u011f\u0131 bir arada sunar. Deri i\u00e7ermeyen yap\u0131s\u0131yla \u00e7evreye ve do\u011faya duyarl\u0131 bir alternatiftir.<\/p>\n<hr data-start=\"1492\" data-end=\"1495\" \/>\n<h3 data-start=\"1497\" data-end=\"1523\"><strong data-start=\"1501\" data-end=\"1523\">Kullan\u0131m Kolayl\u0131\u011f\u0131<\/strong><\/h3>\n<p data-start=\"1525\" data-end=\"1761\">Ayarlanabilir 140 cm ask\u0131 boyu ile \u00e7antay\u0131 ister omuzda ister \u00e7apraz \u015fekilde ta\u015f\u0131yabilirsiniz. <strong data-start=\"1620\" data-end=\"1668\">21 cm boy, 27 cm en ve 15 cm taban geni\u015fli\u011fi<\/strong> ile olduk\u00e7a pratik bir ta\u015f\u0131ma kapasitesine sahiptir. Her mevsimde rahatl\u0131kla kullan\u0131labilir.<\/p>\n<hr data-start=\"1763\" data-end=\"1766\" \/>\n<h3 data-start=\"1768\" data-end=\"1791\"><strong data-start=\"1772\" data-end=\"1791\">Hafif ve Pratik<\/strong><\/h3>\n<p data-start=\"1793\" data-end=\"1978\">Tekstil materyali sayesinde olduk\u00e7a hafif olan bu \u00e7anta, t\u00fcm g\u00fcn kullan\u0131mda omzunuzu yormaz. G\u00fcnl\u00fck rutininizde ya da i\u015f hayat\u0131n\u0131zda e\u015fyalar\u0131n\u0131z\u0131 d\u00fczenli ve kolay ta\u015f\u0131mak i\u00e7in idealdir.<\/p>\n<hr data-start=\"1980\" data-end=\"1983\" \/>\n<h3 data-start=\"1985\" data-end=\"2022\"><strong data-start=\"1989\" data-end=\"2022\">Zamans\u0131z, Sade ve \u015e\u0131k Tasar\u0131m<\/strong><\/h3>\n<p data-start=\"2024\" data-end=\"2229\">D\u00fcz desenli, sade ve zamans\u0131z \u00e7izgileriyle her k\u0131yafete kolayca uyum sa\u011flar. \u0130\u015f hayat\u0131na \u00f6zel Business koleksiyonuna ait bu model, profesyonel g\u00f6r\u00fcn\u00fcme sahip olmak isteyen kad\u0131nlar i\u00e7in \u015f\u0131k bir se\u00e7enektir.<\/p>\n<hr data-start=\"2231\" data-end=\"2234\" \/>\n<h3 data-start=\"2236\" data-end=\"2258\"><strong data-start=\"2240\" data-end=\"2258\">Kolay Temizlik<\/strong><\/h3>\n<p data-start=\"2260\" data-end=\"2432\">Temizli\u011fi olduk\u00e7a basittir. Nemli bir bezle silinerek kolayca ilk g\u00fcnk\u00fc g\u00f6r\u00fcn\u00fcm\u00fcne kavu\u015fturabilirsiniz. Y\u00fcksek \u00fcretim standartlar\u0131na uygun olarak TM men\u015feiyle \u00fcretilmi\u015ftir.<\/p>\n","protected":false},"excerpt":{"rendered":"<p>Kad\u0131n Suya Dayan\u0131kl\u0131 Krink\u0131l Kuma\u015f \u00c7apraz Ask\u0131l\u0131 G\u00fcnl\u00fck Omuz \u00c7antas\u0131 \u2013 Sanmorris G\u00fcnl\u00fck hayatta \u015f\u0131kl\u0131\u011f\u0131, konforu ve d\u00fczeni bir arada ya\u015famak isteyen kad\u0131nlar i\u00e7in \u00f6zel olarak tasarlanan Kad\u0131n Suya Dayan\u0131kl\u0131 Krink\u0131l Kuma\u015f \u00c7apraz Ask\u0131l\u0131 G\u00fcnl\u00fck Omuz \u00c7antas\u0131 \u2013 Sanmorris, i\u015flevselli\u011fi ve sade tasar\u0131m\u0131yla \u00f6ne \u00e7\u0131k\u0131yor. Hem casual hem ofis kombinlerinizin tamamlay\u0131c\u0131s\u0131 olacak bu \u00e7anta, farkl\u0131 [&hellip;]<\/p>\n","protected":false},"featured_media":24507,"comment_status":"closed","ping_status":"closed","template":"","meta":[],"product_brand":[],"product_cat":[37],"product_tag":[],"class_list":{"0":"post-24494","1":"product","2":"type-product","3":"status-publish","4":"has-post-thumbnail","6":"product_cat-crossbody-bags","7":"pa_color-black","8":"pa_color-blue","9":"pa_color-khaki","10":"pa_color-l-gray","11":"pa_color-purple","12":"pa_color-white","14":"first","15":"instock","16":"shipping-taxable","17":"purchasable","18":"product-type-variable","19":"wvs-archive-product-wrapper"},"yoast_head":"<!-- This site is optimized with the Yoast SEO Premium plugin v25.4 (Yoast SEO v27.4) - https:\/\/yoast.com\/product\/yoast-seo-premium-wordpress\/ -->\n<title>Sanmorris Krink\u0131l Kuma\u015f \u00c7apraz Omuz \u00c7antas\u0131<\/title>\n<meta name=\"description\" content=\"Suya dayan\u0131kl\u0131 krink\u0131l kuma\u015f Sanmorris omuz \u00e7antas\u0131. 6 fermuarl\u0131 g\u00f6z, sade tasar\u0131m ve hafif yap\u0131s\u0131yla g\u00fcnl\u00fck kullan\u0131m ve i\u015f hayat\u0131 i\u00e7in ideal se\u00e7im.\" \/>\n<meta name=\"robots\" content=\"index, follow, max-snippet:-1, max-image-preview:large, max-video-preview:-1\" \/>\n<link rel=\"canonical\" href=\"https:\/\/sanmorrisbags.com\/tr\/product\/sanmorris-krinkil-kumas-capraz-omuz-cantasi\/\" \/>\n<meta property=\"og:locale\" content=\"tr_TR\" \/>\n<meta property=\"og:type\" content=\"article\" \/>\n<meta property=\"og:title\" content=\"Code: 4006\" \/>\n<meta property=\"og:description\" content=\"Suya dayan\u0131kl\u0131 krink\u0131l kuma\u015f Sanmorris omuz \u00e7antas\u0131. 6 fermuarl\u0131 g\u00f6z, sade tasar\u0131m ve hafif yap\u0131s\u0131yla g\u00fcnl\u00fck kullan\u0131m ve i\u015f hayat\u0131 i\u00e7in ideal se\u00e7im.\" \/>\n<meta property=\"og:url\" content=\"https:\/\/sanmorrisbags.com\/tr\/product\/sanmorris-krinkil-kumas-capraz-omuz-cantasi\/\" \/>\n<meta property=\"og:site_name\" content=\"Sanmorris Bags\" \/>\n<meta property=\"article:publisher\" content=\"https:\/\/www.facebook.com\/sanmorrisbags\" \/>\n<meta property=\"article:modified_time\" content=\"2025-08-06T13:54:59+00:00\" \/>\n<meta property=\"og:image\" content=\"https:\/\/sanmorrisbags.com\/wp-content\/uploads\/2025\/08\/154.jpg\" \/>\n\t<meta property=\"og:image:width\" content=\"1200\" \/>\n\t<meta property=\"og:image:height\" content=\"1800\" \/>\n\t<meta property=\"og:image:type\" content=\"image\/jpeg\" \/>\n<meta name=\"twitter:card\" content=\"summary_large_image\" \/>\n<meta name=\"twitter:site\" content=\"@sanmorrisbag\" \/>\n<meta name=\"twitter:label1\" content=\"Durumu\" \/>\n\t<meta name=\"twitter:data1\" content=\"Stokta var\" \/>\n<script type=\"application\/ld+json\" class=\"yoast-schema-graph\">{\"@context\":\"https:\\\/\\\/schema.org\",\"@graph\":[{\"@type\":\"WebPage\",\"@id\":\"https:\\\/\\\/sanmorrisbags.com\\\/tr\\\/product\\\/sanmorris-krinkil-kumas-capraz-omuz-cantasi\\\/\",\"url\":\"https:\\\/\\\/sanmorrisbags.com\\\/tr\\\/product\\\/sanmorris-krinkil-kumas-capraz-omuz-cantasi\\\/\",\"name\":\"Sanmorris Krink\u0131l Kuma\u015f \u00c7apraz Omuz \u00c7antas\u0131\",\"isPartOf\":{\"@id\":\"https:\\\/\\\/sanmorrisbags.com\\\/tr\\\/#website\"},\"primaryImageOfPage\":{\"@id\":\"https:\\\/\\\/sanmorrisbags.com\\\/tr\\\/product\\\/sanmorris-krinkil-kumas-capraz-omuz-cantasi\\\/#primaryimage\"},\"image\":{\"@id\":\"https:\\\/\\\/sanmorrisbags.com\\\/tr\\\/product\\\/sanmorris-krinkil-kumas-capraz-omuz-cantasi\\\/#primaryimage\"},\"thumbnailUrl\":\"https:\\\/\\\/sanmorrisbags.com\\\/wp-content\\\/uploads\\\/2025\\\/08\\\/154.jpg\",\"datePublished\":\"2025-08-06T13:54:57+00:00\",\"dateModified\":\"2025-08-06T13:54:59+00:00\",\"description\":\"Suya dayan\u0131kl\u0131 krink\u0131l kuma\u015f Sanmorris omuz \u00e7antas\u0131. 6 fermuarl\u0131 g\u00f6z, sade tasar\u0131m ve hafif yap\u0131s\u0131yla g\u00fcnl\u00fck kullan\u0131m ve i\u015f hayat\u0131 i\u00e7in ideal se\u00e7im.\",\"breadcrumb\":{\"@id\":\"https:\\\/\\\/sanmorrisbags.com\\\/tr\\\/product\\\/sanmorris-krinkil-kumas-capraz-omuz-cantasi\\\/#breadcrumb\"},\"inLanguage\":\"tr\",\"potentialAction\":[{\"@type\":\"ReadAction\",\"target\":[\"https:\\\/\\\/sanmorrisbags.com\\\/tr\\\/product\\\/sanmorris-krinkil-kumas-capraz-omuz-cantasi\\\/\"]}]},{\"@type\":\"ImageObject\",\"inLanguage\":\"tr\",\"@id\":\"https:\\\/\\\/sanmorrisbags.com\\\/tr\\\/product\\\/sanmorris-krinkil-kumas-capraz-omuz-cantasi\\\/#primaryimage\",\"url\":\"https:\\\/\\\/sanmorrisbags.com\\\/wp-content\\\/uploads\\\/2025\\\/08\\\/154.jpg\",\"contentUrl\":\"https:\\\/\\\/sanmorrisbags.com\\\/wp-content\\\/uploads\\\/2025\\\/08\\\/154.jpg\",\"width\":1200,\"height\":1800,\"caption\":\"Sanmorris krink\u0131l kuma\u015f \u00e7apraz omuz \u00e7antas\u0131 farkl\u0131 a\u00e7\u0131lardan\"},{\"@type\":\"BreadcrumbList\",\"@id\":\"https:\\\/\\\/sanmorrisbags.com\\\/tr\\\/product\\\/sanmorris-krinkil-kumas-capraz-omuz-cantasi\\\/#breadcrumb\",\"itemListElement\":[{\"@type\":\"ListItem\",\"position\":1,\"name\":\"Home\",\"item\":\"https:\\\/\\\/sanmorrisbags.com\\\/tr\\\/home\\\/\"},{\"@type\":\"ListItem\",\"position\":2,\"name\":\"Shop\",\"item\":\"https:\\\/\\\/sanmorrisbags.com\\\/shop\\\/\"},{\"@type\":\"ListItem\",\"position\":3,\"name\":\"Code: 4006\"}]},{\"@type\":\"WebSite\",\"@id\":\"https:\\\/\\\/sanmorrisbags.com\\\/tr\\\/#website\",\"url\":\"https:\\\/\\\/sanmorrisbags.com\\\/tr\\\/\",\"name\":\"Sanmorris Bags\",\"description\":\"\",\"publisher\":{\"@id\":\"https:\\\/\\\/sanmorrisbags.com\\\/tr\\\/#organization\"},\"potentialAction\":[{\"@type\":\"SearchAction\",\"target\":{\"@type\":\"EntryPoint\",\"urlTemplate\":\"https:\\\/\\\/sanmorrisbags.com\\\/tr\\\/?s={search_term_string}\"},\"query-input\":{\"@type\":\"PropertyValueSpecification\",\"valueRequired\":true,\"valueName\":\"search_term_string\"}}],\"inLanguage\":\"tr\"},{\"@type\":\"Organization\",\"@id\":\"https:\\\/\\\/sanmorrisbags.com\\\/tr\\\/#organization\",\"name\":\"Sanmorris Bags\",\"url\":\"https:\\\/\\\/sanmorrisbags.com\\\/tr\\\/\",\"logo\":{\"@type\":\"ImageObject\",\"inLanguage\":\"tr\",\"@id\":\"https:\\\/\\\/sanmorrisbags.com\\\/tr\\\/#\\\/schema\\\/logo\\\/image\\\/\",\"url\":\"https:\\\/\\\/sanmorrisbags.com\\\/wp-content\\\/uploads\\\/2023\\\/02\\\/Logo-new.png\",\"contentUrl\":\"https:\\\/\\\/sanmorrisbags.com\\\/wp-content\\\/uploads\\\/2023\\\/02\\\/Logo-new.png\",\"width\":1000,\"height\":1000,\"caption\":\"Sanmorris Bags\"},\"image\":{\"@id\":\"https:\\\/\\\/sanmorrisbags.com\\\/tr\\\/#\\\/schema\\\/logo\\\/image\\\/\"},\"sameAs\":[\"https:\\\/\\\/www.facebook.com\\\/sanmorrisbags\",\"https:\\\/\\\/x.com\\\/sanmorrisbag\",\"https:\\\/\\\/www.instagram.com\\\/sanmorrisbag\\\/\"]}]}<\/script>\n<meta property=\"og:availability\" content=\"instock\" \/>\n<meta property=\"product:availability\" content=\"instock\" \/>\n<meta property=\"product:retailer_item_id\" content=\"S-4006\" \/>\n<meta property=\"product:condition\" content=\"new\" \/>\n<!-- \/ Yoast SEO Premium plugin. -->","yoast_head_json":{"title":"Sanmorris Krink\u0131l Kuma\u015f \u00c7apraz Omuz \u00c7antas\u0131","description":"Suya dayan\u0131kl\u0131 krink\u0131l kuma\u015f Sanmorris omuz \u00e7antas\u0131. 6 fermuarl\u0131 g\u00f6z, sade tasar\u0131m ve hafif yap\u0131s\u0131yla g\u00fcnl\u00fck kullan\u0131m ve i\u015f hayat\u0131 i\u00e7in ideal se\u00e7im.","robots":{"index":"index","follow":"follow","max-snippet":"max-snippet:-1","max-image-preview":"max-image-preview:large","max-video-preview":"max-video-preview:-1"},"canonical":"https:\/\/sanmorrisbags.com\/tr\/product\/sanmorris-krinkil-kumas-capraz-omuz-cantasi\/","og_locale":"tr_TR","og_type":"article","og_title":"Code: 4006","og_description":"Suya dayan\u0131kl\u0131 krink\u0131l kuma\u015f Sanmorris omuz \u00e7antas\u0131. 6 fermuarl\u0131 g\u00f6z, sade tasar\u0131m ve hafif yap\u0131s\u0131yla g\u00fcnl\u00fck kullan\u0131m ve i\u015f hayat\u0131 i\u00e7in ideal se\u00e7im.","og_url":"https:\/\/sanmorrisbags.com\/tr\/product\/sanmorris-krinkil-kumas-capraz-omuz-cantasi\/","og_site_name":"Sanmorris Bags","article_publisher":"https:\/\/www.facebook.com\/sanmorrisbags","article_modified_time":"2025-08-06T13:54:59+00:00","og_image":[{"width":1200,"height":1800,"url":"https:\/\/sanmorrisbags.com\/wp-content\/uploads\/2025\/08\/154.jpg","type":"image\/jpeg"}],"twitter_card":"summary_large_image","twitter_site":"@sanmorrisbag","twitter_misc":{"Durumu":"Stokta var"},"schema":{"@context":"https:\/\/schema.org","@graph":[{"@type":"WebPage","@id":"https:\/\/sanmorrisbags.com\/tr\/product\/sanmorris-krinkil-kumas-capraz-omuz-cantasi\/","url":"https:\/\/sanmorrisbags.com\/tr\/product\/sanmorris-krinkil-kumas-capraz-omuz-cantasi\/","name":"Sanmorris Krink\u0131l Kuma\u015f \u00c7apraz Omuz \u00c7antas\u0131","isPartOf":{"@id":"https:\/\/sanmorrisbags.com\/tr\/#website"},"primaryImageOfPage":{"@id":"https:\/\/sanmorrisbags.com\/tr\/product\/sanmorris-krinkil-kumas-capraz-omuz-cantasi\/#primaryimage"},"image":{"@id":"https:\/\/sanmorrisbags.com\/tr\/product\/sanmorris-krinkil-kumas-capraz-omuz-cantasi\/#primaryimage"},"thumbnailUrl":"https:\/\/sanmorrisbags.com\/wp-content\/uploads\/2025\/08\/154.jpg","datePublished":"2025-08-06T13:54:57+00:00","dateModified":"2025-08-06T13:54:59+00:00","description":"Suya dayan\u0131kl\u0131 krink\u0131l kuma\u015f Sanmorris omuz \u00e7antas\u0131. 6 fermuarl\u0131 g\u00f6z, sade tasar\u0131m ve hafif yap\u0131s\u0131yla g\u00fcnl\u00fck kullan\u0131m ve i\u015f hayat\u0131 i\u00e7in ideal se\u00e7im.","breadcrumb":{"@id":"https:\/\/sanmorrisbags.com\/tr\/product\/sanmorris-krinkil-kumas-capraz-omuz-cantasi\/#breadcrumb"},"inLanguage":"tr","potentialAction":[{"@type":"ReadAction","target":["https:\/\/sanmorrisbags.com\/tr\/product\/sanmorris-krinkil-kumas-capraz-omuz-cantasi\/"]}]},{"@type":"ImageObject","inLanguage":"tr","@id":"https:\/\/sanmorrisbags.com\/tr\/product\/sanmorris-krinkil-kumas-capraz-omuz-cantasi\/#primaryimage","url":"https:\/\/sanmorrisbags.com\/wp-content\/uploads\/2025\/08\/154.jpg","contentUrl":"https:\/\/sanmorrisbags.com\/wp-content\/uploads\/2025\/08\/154.jpg","width":1200,"height":1800,"caption":"Sanmorris krink\u0131l kuma\u015f \u00e7apraz omuz \u00e7antas\u0131 farkl\u0131 a\u00e7\u0131lardan"},{"@type":"BreadcrumbList","@id":"https:\/\/sanmorrisbags.com\/tr\/product\/sanmorris-krinkil-kumas-capraz-omuz-cantasi\/#breadcrumb","itemListElement":[{"@type":"ListItem","position":1,"name":"Home","item":"https:\/\/sanmorrisbags.com\/tr\/home\/"},{"@type":"ListItem","position":2,"name":"Shop","item":"https:\/\/sanmorrisbags.com\/shop\/"},{"@type":"ListItem","position":3,"name":"Code: 4006"}]},{"@type":"WebSite","@id":"https:\/\/sanmorrisbags.com\/tr\/#website","url":"https:\/\/sanmorrisbags.com\/tr\/","name":"Sanmorris Bags","description":"","publisher":{"@id":"https:\/\/sanmorrisbags.com\/tr\/#organization"},"potentialAction":[{"@type":"SearchAction","target":{"@type":"EntryPoint","urlTemplate":"https:\/\/sanmorrisbags.com\/tr\/?s={search_term_string}"},"query-input":{"@type":"PropertyValueSpecification","valueRequired":true,"valueName":"search_term_string"}}],"inLanguage":"tr"},{"@type":"Organization","@id":"https:\/\/sanmorrisbags.com\/tr\/#organization","name":"Sanmorris Bags","url":"https:\/\/sanmorrisbags.com\/tr\/","logo":{"@type":"ImageObject","inLanguage":"tr","@id":"https:\/\/sanmorrisbags.com\/tr\/#\/schema\/logo\/image\/","url":"https:\/\/sanmorrisbags.com\/wp-content\/uploads\/2023\/02\/Logo-new.png","contentUrl":"https:\/\/sanmorrisbags.com\/wp-content\/uploads\/2023\/02\/Logo-new.png","width":1000,"height":1000,"caption":"Sanmorris Bags"},"image":{"@id":"https:\/\/sanmorrisbags.com\/tr\/#\/schema\/logo\/image\/"},"sameAs":["https:\/\/www.facebook.com\/sanmorrisbags","https:\/\/x.com\/sanmorrisbag","https:\/\/www.instagram.com\/sanmorrisbag\/"]}]},"og_availability":"instock","product_availability":"instock","product_retailer_item_id":"S-4006","product_condition":"new"},"_links":{"self":[{"href":"https:\/\/sanmorrisbags.com\/tr\/wp-json\/wp\/v2\/product\/24494","targetHints":{"allow":["GET"]}}],"collection":[{"href":"https:\/\/sanmorrisbags.com\/tr\/wp-json\/wp\/v2\/product"}],"about":[{"href":"https:\/\/sanmorrisbags.com\/tr\/wp-json\/wp\/v2\/types\/product"}],"replies":[{"embeddable":true,"href":"https:\/\/sanmorrisbags.com\/tr\/wp-json\/wp\/v2\/comments?post=24494"}],"wp:featuredmedia":[{"embeddable":true,"href":"https:\/\/sanmorrisbags.com\/tr\/wp-json\/wp\/v2\/media\/24507"}],"wp:attachment":[{"href":"https:\/\/sanmorrisbags.com\/tr\/wp-json\/wp\/v2\/media?parent=24494"}],"wp:term":[{"taxonomy":"product_brand","embeddable":true,"href":"https:\/\/sanmorrisbags.com\/tr\/wp-json\/wp\/v2\/product_brand?post=24494"},{"taxonomy":"product_cat","embeddable":true,"href":"https:\/\/sanmorrisbags.com\/tr\/wp-json\/wp\/v2\/product_cat?post=24494"},{"taxonomy":"product_tag","embeddable":true,"href":"https:\/\/sanmorrisbags.com\/tr\/wp-json\/wp\/v2\/product_tag?post=24494"}],"curies":[{"name":"wp","href":"https:\/\/api.w.org\/{rel}","templated":true}]}}