{"id":24578,"date":"2026-02-05T15:38:03","date_gmt":"2026-02-05T15:38:03","guid":{"rendered":"https:\/\/sanmorrisbags.com\/?post_type=product&#038;p=24578"},"modified":"2026-02-05T15:52:19","modified_gmt":"2026-02-05T15:52:19","slug":"sanmorris-shoulder-bag-6015","status":"publish","type":"product","link":"https:\/\/sanmorrisbags.com\/tr\/product\/sanmorris-shoulder-bag-6015\/","title":{"rendered":"Sanmorris Shoulder Bag &#8211; 6015"},"content":{"rendered":"<p>Sanmorris taraf\u0131ndan tasarlanan bu model, g\u00fcnl\u00fck kullan\u0131mda i\u015flevsellik ve estetik dengeyi bir araya getirir. Modern \u015fehir hayat\u0131na uyum sa\u011flayan formu ve zamans\u0131z \u00e7izgileriyle farkl\u0131 kombinlere rahatl\u0131kla e\u015flik eder.<\/p>\n<p>\u00d6zenle se\u00e7ilmi\u015f malzemeler ve detayl\u0131 i\u015f\u00e7ilik, \u00fcr\u00fcn\u00fcn uzun s\u00fcreli kullan\u0131m\u0131n\u0131 destekler.<\/p>\n<p>\u00c7apraz\u00a0 ask\u0131s\u0131 sayesinde omuzda ve \u00e7apraz olarak kullan\u0131labilmektedir.<\/p>\n<p>Suya dayan\u0131kl\u0131 yap\u0131s\u0131 sayesinde ya\u011fmurlu havalarda e\u015fyalar\u0131n\u0131z\u0131n korunmas\u0131n\u0131 sa\u011flar.<\/p>\n<p>Nanoteknoloji ile \u00fcretilen bu \u00fcr\u00fcnsu ge\u00e7irmez, leke tutmaz, antibakteriyel, kokusuz, terletmeyen ve \u0131s\u0131y\u0131 dengeleme\u00a0gibi bir\u00e7ok \u00f6zelli\u011fe sahiptir.<\/p>\n<p>\u00c7ok b\u00f6lmeli tasar\u0131m\u0131 ile g\u00fcnl\u00fck ihtiya\u00e7lar\u0131n\u0131z\u0131 d\u00fczenli bir \u015fekilde ta\u015f\u0131man\u0131z\u0131 kolayla\u015ft\u0131r\u0131r.<\/p>\n<p>Tekstil materyali, dayan\u0131kl\u0131l\u0131\u011f\u0131 art\u0131r\u0131rken hafifli\u011fiyle konforlu bir kullan\u0131m sunar.<\/p>\n<p>Fermuar ve fermuar ba\u015fl\u0131klar\u0131 kaliteli malzeme ile \u00fcretilmi\u015ftir.<\/p>\n<p>\u00dcr\u00fcn \u00e7ok g\u00f6zl\u00fc ve \u00e7ok cepli olma \u00f6zelli\u011fi sayesinde bir\u00e7ok e\u015fyan\u0131z\u0131 ayn\u0131 anda g\u00fcvenle ta\u015f\u0131ma kolayl\u0131\u011f\u0131 sa\u011flamaktad\u0131r.<\/p>\n<p>\u00dcr\u00fcn ask\u0131s\u0131 ayarlanabilir \u00f6zelliktedir, uzun ve k\u0131sa olarak kullan\u0131labilir.<\/p>\n<p>Body bag modelimiz unisex bir model olup renk se\u00e7enekleri mevcuttur.<\/p>\n<p>Temizli\u011fini nemli bez ile yapabilirsiniz.<\/p>\n","protected":false},"excerpt":{"rendered":"<p>6015<\/p>\n","protected":false},"featured_media":24579,"comment_status":"closed","ping_status":"closed","template":"","meta":[],"product_brand":[],"product_cat":[66],"product_tag":[],"class_list":{"0":"post-24578","1":"product","2":"type-product","3":"status-publish","4":"has-post-thumbnail","6":"product_cat-omuz-cantasi","7":"pa_color-acik-gri","8":"pa_color-koyu-gri","9":"pa_color-krem","10":"pa_color-siyah","11":"pa_color-vizon","13":"first","14":"instock","15":"shipping-taxable","16":"purchasable","17":"product-type-variable","18":"has-default-attributes","19":"wvs-archive-product-wrapper"},"yoast_head":"<!-- This site is optimized with the Yoast SEO Premium plugin v25.4 (Yoast SEO v27.6) - https:\/\/yoast.com\/product\/yoast-seo-premium-wordpress\/ -->\n<title>Sanmorris Shoulder Bag - 6015 - Sanmorris Bags<\/title>\n<meta name=\"description\" content=\"Sanmorris Shoulder Bag 6015, markan\u0131n zamans\u0131z tasar\u0131m anlay\u0131\u015f\u0131n\u0131 yans\u0131tan kurumsal koleksiyon par\u00e7as\u0131d\u0131r.\" \/>\n<meta name=\"robots\" content=\"index, follow, max-snippet:-1, max-image-preview:large, max-video-preview:-1\" \/>\n<link rel=\"canonical\" href=\"https:\/\/sanmorrisbags.com\/tr\/product\/sanmorris-shoulder-bag-6015\/\" \/>\n<meta property=\"og:locale\" content=\"tr_TR\" \/>\n<meta property=\"og:type\" content=\"article\" \/>\n<meta property=\"og:title\" content=\"Sanmorris Shoulder Bag - 6015\" \/>\n<meta property=\"og:description\" content=\"Sanmorris Shoulder Bag 6015, markan\u0131n zamans\u0131z tasar\u0131m anlay\u0131\u015f\u0131n\u0131 yans\u0131tan kurumsal koleksiyon par\u00e7as\u0131d\u0131r.\" \/>\n<meta property=\"og:url\" content=\"https:\/\/sanmorrisbags.com\/tr\/product\/sanmorris-shoulder-bag-6015\/\" \/>\n<meta property=\"og:site_name\" content=\"Sanmorris Bags\" \/>\n<meta property=\"article:publisher\" content=\"https:\/\/www.facebook.com\/sanmorrisbags\" \/>\n<meta property=\"article:modified_time\" content=\"2026-02-05T15:52:19+00:00\" \/>\n<meta property=\"og:image\" content=\"https:\/\/sanmorrisbags.com\/wp-content\/uploads\/2026\/02\/43.jpg\" \/>\n\t<meta property=\"og:image:width\" content=\"1200\" \/>\n\t<meta property=\"og:image:height\" content=\"1800\" \/>\n\t<meta property=\"og:image:type\" content=\"image\/jpeg\" \/>\n<meta name=\"twitter:card\" content=\"summary_large_image\" \/>\n<meta name=\"twitter:site\" content=\"@sanmorrisbag\" \/>\n<meta name=\"twitter:label1\" content=\"Durumu\" \/>\n\t<meta name=\"twitter:data1\" content=\"Stokta var\" \/>\n<script type=\"application\/ld+json\" class=\"yoast-schema-graph\">{\"@context\":\"https:\\\/\\\/schema.org\",\"@graph\":[{\"@type\":\"WebPage\",\"@id\":\"https:\\\/\\\/sanmorrisbags.com\\\/tr\\\/product\\\/sanmorris-shoulder-bag-6015\\\/\",\"url\":\"https:\\\/\\\/sanmorrisbags.com\\\/tr\\\/product\\\/sanmorris-shoulder-bag-6015\\\/\",\"name\":\"Sanmorris Shoulder Bag - 6015 - Sanmorris Bags\",\"isPartOf\":{\"@id\":\"https:\\\/\\\/sanmorrisbags.com\\\/tr\\\/#website\"},\"primaryImageOfPage\":{\"@id\":\"https:\\\/\\\/sanmorrisbags.com\\\/tr\\\/product\\\/sanmorris-shoulder-bag-6015\\\/#primaryimage\"},\"image\":{\"@id\":\"https:\\\/\\\/sanmorrisbags.com\\\/tr\\\/product\\\/sanmorris-shoulder-bag-6015\\\/#primaryimage\"},\"thumbnailUrl\":\"https:\\\/\\\/sanmorrisbags.com\\\/wp-content\\\/uploads\\\/2026\\\/02\\\/43.jpg\",\"datePublished\":\"2026-02-05T15:38:03+00:00\",\"dateModified\":\"2026-02-05T15:52:19+00:00\",\"description\":\"Sanmorris Shoulder Bag 6015, markan\u0131n zamans\u0131z tasar\u0131m anlay\u0131\u015f\u0131n\u0131 yans\u0131tan kurumsal koleksiyon par\u00e7as\u0131d\u0131r.\",\"breadcrumb\":{\"@id\":\"https:\\\/\\\/sanmorrisbags.com\\\/tr\\\/product\\\/sanmorris-shoulder-bag-6015\\\/#breadcrumb\"},\"inLanguage\":\"tr\",\"potentialAction\":[{\"@type\":\"ReadAction\",\"target\":[\"https:\\\/\\\/sanmorrisbags.com\\\/tr\\\/product\\\/sanmorris-shoulder-bag-6015\\\/\"]}]},{\"@type\":\"ImageObject\",\"inLanguage\":\"tr\",\"@id\":\"https:\\\/\\\/sanmorrisbags.com\\\/tr\\\/product\\\/sanmorris-shoulder-bag-6015\\\/#primaryimage\",\"url\":\"https:\\\/\\\/sanmorrisbags.com\\\/wp-content\\\/uploads\\\/2026\\\/02\\\/43.jpg\",\"contentUrl\":\"https:\\\/\\\/sanmorrisbags.com\\\/wp-content\\\/uploads\\\/2026\\\/02\\\/43.jpg\",\"width\":1200,\"height\":1800},{\"@type\":\"BreadcrumbList\",\"@id\":\"https:\\\/\\\/sanmorrisbags.com\\\/tr\\\/product\\\/sanmorris-shoulder-bag-6015\\\/#breadcrumb\",\"itemListElement\":[{\"@type\":\"ListItem\",\"position\":1,\"name\":\"Home\",\"item\":\"https:\\\/\\\/sanmorrisbags.com\\\/tr\\\/home\\\/\"},{\"@type\":\"ListItem\",\"position\":2,\"name\":\"Shop\",\"item\":\"https:\\\/\\\/sanmorrisbags.com\\\/shop\\\/\"},{\"@type\":\"ListItem\",\"position\":3,\"name\":\"Sanmorris Shoulder Bag &#8211; 6015\"}]},{\"@type\":\"WebSite\",\"@id\":\"https:\\\/\\\/sanmorrisbags.com\\\/tr\\\/#website\",\"url\":\"https:\\\/\\\/sanmorrisbags.com\\\/tr\\\/\",\"name\":\"Sanmorris Bags\",\"description\":\"\",\"publisher\":{\"@id\":\"https:\\\/\\\/sanmorrisbags.com\\\/tr\\\/#organization\"},\"potentialAction\":[{\"@type\":\"SearchAction\",\"target\":{\"@type\":\"EntryPoint\",\"urlTemplate\":\"https:\\\/\\\/sanmorrisbags.com\\\/tr\\\/?s={search_term_string}\"},\"query-input\":{\"@type\":\"PropertyValueSpecification\",\"valueRequired\":true,\"valueName\":\"search_term_string\"}}],\"inLanguage\":\"tr\"},{\"@type\":\"Organization\",\"@id\":\"https:\\\/\\\/sanmorrisbags.com\\\/tr\\\/#organization\",\"name\":\"Sanmorris Bags\",\"url\":\"https:\\\/\\\/sanmorrisbags.com\\\/tr\\\/\",\"logo\":{\"@type\":\"ImageObject\",\"inLanguage\":\"tr\",\"@id\":\"https:\\\/\\\/sanmorrisbags.com\\\/tr\\\/#\\\/schema\\\/logo\\\/image\\\/\",\"url\":\"https:\\\/\\\/sanmorrisbags.com\\\/wp-content\\\/uploads\\\/2023\\\/02\\\/Logo-new.png\",\"contentUrl\":\"https:\\\/\\\/sanmorrisbags.com\\\/wp-content\\\/uploads\\\/2023\\\/02\\\/Logo-new.png\",\"width\":1000,\"height\":1000,\"caption\":\"Sanmorris Bags\"},\"image\":{\"@id\":\"https:\\\/\\\/sanmorrisbags.com\\\/tr\\\/#\\\/schema\\\/logo\\\/image\\\/\"},\"sameAs\":[\"https:\\\/\\\/www.facebook.com\\\/sanmorrisbags\",\"https:\\\/\\\/x.com\\\/sanmorrisbag\",\"https:\\\/\\\/www.instagram.com\\\/sanmorrisbag\\\/\"]}]}<\/script>\n<meta property=\"og:availability\" content=\"instock\" \/>\n<meta property=\"product:availability\" content=\"instock\" \/>\n<meta property=\"product:condition\" content=\"new\" \/>\n<!-- \/ Yoast SEO Premium plugin. -->","yoast_head_json":{"title":"Sanmorris Shoulder Bag - 6015 - Sanmorris Bags","description":"Sanmorris Shoulder Bag 6015, markan\u0131n zamans\u0131z tasar\u0131m anlay\u0131\u015f\u0131n\u0131 yans\u0131tan kurumsal koleksiyon par\u00e7as\u0131d\u0131r.","robots":{"index":"index","follow":"follow","max-snippet":"max-snippet:-1","max-image-preview":"max-image-preview:large","max-video-preview":"max-video-preview:-1"},"canonical":"https:\/\/sanmorrisbags.com\/tr\/product\/sanmorris-shoulder-bag-6015\/","og_locale":"tr_TR","og_type":"article","og_title":"Sanmorris Shoulder Bag - 6015","og_description":"Sanmorris Shoulder Bag 6015, markan\u0131n zamans\u0131z tasar\u0131m anlay\u0131\u015f\u0131n\u0131 yans\u0131tan kurumsal koleksiyon par\u00e7as\u0131d\u0131r.","og_url":"https:\/\/sanmorrisbags.com\/tr\/product\/sanmorris-shoulder-bag-6015\/","og_site_name":"Sanmorris Bags","article_publisher":"https:\/\/www.facebook.com\/sanmorrisbags","article_modified_time":"2026-02-05T15:52:19+00:00","og_image":[{"width":1200,"height":1800,"url":"https:\/\/sanmorrisbags.com\/wp-content\/uploads\/2026\/02\/43.jpg","type":"image\/jpeg"}],"twitter_card":"summary_large_image","twitter_site":"@sanmorrisbag","twitter_misc":{"Durumu":"Stokta var"},"schema":{"@context":"https:\/\/schema.org","@graph":[{"@type":"WebPage","@id":"https:\/\/sanmorrisbags.com\/tr\/product\/sanmorris-shoulder-bag-6015\/","url":"https:\/\/sanmorrisbags.com\/tr\/product\/sanmorris-shoulder-bag-6015\/","name":"Sanmorris Shoulder Bag - 6015 - Sanmorris Bags","isPartOf":{"@id":"https:\/\/sanmorrisbags.com\/tr\/#website"},"primaryImageOfPage":{"@id":"https:\/\/sanmorrisbags.com\/tr\/product\/sanmorris-shoulder-bag-6015\/#primaryimage"},"image":{"@id":"https:\/\/sanmorrisbags.com\/tr\/product\/sanmorris-shoulder-bag-6015\/#primaryimage"},"thumbnailUrl":"https:\/\/sanmorrisbags.com\/wp-content\/uploads\/2026\/02\/43.jpg","datePublished":"2026-02-05T15:38:03+00:00","dateModified":"2026-02-05T15:52:19+00:00","description":"Sanmorris Shoulder Bag 6015, markan\u0131n zamans\u0131z tasar\u0131m anlay\u0131\u015f\u0131n\u0131 yans\u0131tan kurumsal koleksiyon par\u00e7as\u0131d\u0131r.","breadcrumb":{"@id":"https:\/\/sanmorrisbags.com\/tr\/product\/sanmorris-shoulder-bag-6015\/#breadcrumb"},"inLanguage":"tr","potentialAction":[{"@type":"ReadAction","target":["https:\/\/sanmorrisbags.com\/tr\/product\/sanmorris-shoulder-bag-6015\/"]}]},{"@type":"ImageObject","inLanguage":"tr","@id":"https:\/\/sanmorrisbags.com\/tr\/product\/sanmorris-shoulder-bag-6015\/#primaryimage","url":"https:\/\/sanmorrisbags.com\/wp-content\/uploads\/2026\/02\/43.jpg","contentUrl":"https:\/\/sanmorrisbags.com\/wp-content\/uploads\/2026\/02\/43.jpg","width":1200,"height":1800},{"@type":"BreadcrumbList","@id":"https:\/\/sanmorrisbags.com\/tr\/product\/sanmorris-shoulder-bag-6015\/#breadcrumb","itemListElement":[{"@type":"ListItem","position":1,"name":"Home","item":"https:\/\/sanmorrisbags.com\/tr\/home\/"},{"@type":"ListItem","position":2,"name":"Shop","item":"https:\/\/sanmorrisbags.com\/shop\/"},{"@type":"ListItem","position":3,"name":"Sanmorris Shoulder Bag &#8211; 6015"}]},{"@type":"WebSite","@id":"https:\/\/sanmorrisbags.com\/tr\/#website","url":"https:\/\/sanmorrisbags.com\/tr\/","name":"Sanmorris Bags","description":"","publisher":{"@id":"https:\/\/sanmorrisbags.com\/tr\/#organization"},"potentialAction":[{"@type":"SearchAction","target":{"@type":"EntryPoint","urlTemplate":"https:\/\/sanmorrisbags.com\/tr\/?s={search_term_string}"},"query-input":{"@type":"PropertyValueSpecification","valueRequired":true,"valueName":"search_term_string"}}],"inLanguage":"tr"},{"@type":"Organization","@id":"https:\/\/sanmorrisbags.com\/tr\/#organization","name":"Sanmorris Bags","url":"https:\/\/sanmorrisbags.com\/tr\/","logo":{"@type":"ImageObject","inLanguage":"tr","@id":"https:\/\/sanmorrisbags.com\/tr\/#\/schema\/logo\/image\/","url":"https:\/\/sanmorrisbags.com\/wp-content\/uploads\/2023\/02\/Logo-new.png","contentUrl":"https:\/\/sanmorrisbags.com\/wp-content\/uploads\/2023\/02\/Logo-new.png","width":1000,"height":1000,"caption":"Sanmorris Bags"},"image":{"@id":"https:\/\/sanmorrisbags.com\/tr\/#\/schema\/logo\/image\/"},"sameAs":["https:\/\/www.facebook.com\/sanmorrisbags","https:\/\/x.com\/sanmorrisbag","https:\/\/www.instagram.com\/sanmorrisbag\/"]}]},"og_availability":"instock","product_availability":"instock","product_condition":"new"},"_links":{"self":[{"href":"https:\/\/sanmorrisbags.com\/tr\/wp-json\/wp\/v2\/product\/24578","targetHints":{"allow":["GET"]}}],"collection":[{"href":"https:\/\/sanmorrisbags.com\/tr\/wp-json\/wp\/v2\/product"}],"about":[{"href":"https:\/\/sanmorrisbags.com\/tr\/wp-json\/wp\/v2\/types\/product"}],"replies":[{"embeddable":true,"href":"https:\/\/sanmorrisbags.com\/tr\/wp-json\/wp\/v2\/comments?post=24578"}],"wp:featuredmedia":[{"embeddable":true,"href":"https:\/\/sanmorrisbags.com\/tr\/wp-json\/wp\/v2\/media\/24579"}],"wp:attachment":[{"href":"https:\/\/sanmorrisbags.com\/tr\/wp-json\/wp\/v2\/media?parent=24578"}],"wp:term":[{"taxonomy":"product_brand","embeddable":true,"href":"https:\/\/sanmorrisbags.com\/tr\/wp-json\/wp\/v2\/product_brand?post=24578"},{"taxonomy":"product_cat","embeddable":true,"href":"https:\/\/sanmorrisbags.com\/tr\/wp-json\/wp\/v2\/product_cat?post=24578"},{"taxonomy":"product_tag","embeddable":true,"href":"https:\/\/sanmorrisbags.com\/tr\/wp-json\/wp\/v2\/product_tag?post=24578"}],"curies":[{"name":"wp","href":"https:\/\/api.w.org\/{rel}","templated":true}]}}